{"id":143,"date":"2017-11-08T04:33:46","date_gmt":"2017-11-08T04:33:46","guid":{"rendered":"http:\/\/hoaonline.local\/?page_id=143"},"modified":"2019-01-13T08:32:41","modified_gmt":"2019-01-13T08:32:41","slug":"thac-mac-va-khieu-nai","status":"publish","type":"page","link":"https:\/\/webnhahang3.vidoweb.vn\/?page_id=143","title":{"rendered":"Th\u1eafc m\u1eafc v\u00e0 khi\u1ebfu n\u1ea1i"},"content":{"rendered":"<p>Th\u00f4ng tin \u0111ang \u0111\u01b0\u1ee3c c\u1eadp nh\u1eadt !<\/p>\n","protected":false},"excerpt":{"rendered":"<p>Th\u00f4ng tin \u0111ang \u0111\u01b0\u1ee3c c\u1eadp nh\u1eadt !<\/p>\n","protected":false},"author":1,"featured_media":0,"parent":0,"menu_order":0,"comment_status":"closed","ping_status":"closed","template":"","meta":{"footnotes":""},"class_list":["post-143","page","type-page","status-publish","hentry"],"yoast_head":"<!-- This site is optimized with the Yoast SEO plugin v27.5 - https:\/\/yoast.com\/product\/yoast-seo-wordpress\/ -->\n<title>Th\u1eafc m\u1eafc v\u00e0 khi\u1ebfu n\u1ea1i - Nh\u00e0 H\u00e0ng 03<\/title>\n<meta name=\"robots\" content=\"noindex, follow, max-snippet:-1, max-image-preview:large, max-video-preview:-1\" \/>\n<meta property=\"og:locale\" content=\"vi_VN\" \/>\n<meta property=\"og:type\" content=\"article\" \/>\n<meta property=\"og:title\" content=\"Th\u1eafc m\u1eafc v\u00e0 khi\u1ebfu n\u1ea1i - Nh\u00e0 H\u00e0ng 03\" \/>\n<meta property=\"og:description\" content=\"Th\u00f4ng tin \u0111ang \u0111\u01b0\u1ee3c c\u1eadp nh\u1eadt !\" \/>\n<meta property=\"og:url\" content=\"https:\/\/webnhahang3.vidoweb.vn\/?page_id=143\" \/>\n<meta property=\"og:site_name\" content=\"Nh\u00e0 H\u00e0ng 03\" \/>\n<meta property=\"article:modified_time\" content=\"2019-01-13T08:32:41+00:00\" \/>\n<meta name=\"twitter:card\" content=\"summary_large_image\" \/>\n<script type=\"application\/ld+json\" class=\"yoast-schema-graph\">{\"@context\":\"https:\\\/\\\/schema.org\",\"@graph\":[{\"@type\":\"WebPage\",\"@id\":\"https:\\\/\\\/webnhahang3.vidoweb.vn\\\/?page_id=143\",\"url\":\"https:\\\/\\\/webnhahang3.vidoweb.vn\\\/?page_id=143\",\"name\":\"Th\u1eafc m\u1eafc v\u00e0 khi\u1ebfu n\u1ea1i - Nh\u00e0 H\u00e0ng 03\",\"isPartOf\":{\"@id\":\"https:\\\/\\\/webnhahang3.vidoweb.vn\\\/#website\"},\"datePublished\":\"2017-11-08T04:33:46+00:00\",\"dateModified\":\"2019-01-13T08:32:41+00:00\",\"breadcrumb\":{\"@id\":\"https:\\\/\\\/webnhahang3.vidoweb.vn\\\/?page_id=143#breadcrumb\"},\"inLanguage\":\"vi\",\"potentialAction\":[{\"@type\":\"ReadAction\",\"target\":[\"https:\\\/\\\/webnhahang3.vidoweb.vn\\\/?page_id=143\"]}]},{\"@type\":\"BreadcrumbList\",\"@id\":\"https:\\\/\\\/webnhahang3.vidoweb.vn\\\/?page_id=143#breadcrumb\",\"itemListElement\":[{\"@type\":\"ListItem\",\"position\":1,\"name\":\"Trang ch\u1ee7\",\"item\":\"https:\\\/\\\/webnhahang3.vidoweb.vn\\\/\"},{\"@type\":\"ListItem\",\"position\":2,\"name\":\"Th\u1eafc m\u1eafc v\u00e0 khi\u1ebfu n\u1ea1i\"}]},{\"@type\":\"WebSite\",\"@id\":\"https:\\\/\\\/webnhahang3.vidoweb.vn\\\/#website\",\"url\":\"https:\\\/\\\/webnhahang3.vidoweb.vn\\\/\",\"name\":\"Nh\u00e0 H\u00e0ng 03\",\"description\":\"\",\"potentialAction\":[{\"@type\":\"SearchAction\",\"target\":{\"@type\":\"EntryPoint\",\"urlTemplate\":\"https:\\\/\\\/webnhahang3.vidoweb.vn\\\/?s={search_term_string}\"},\"query-input\":{\"@type\":\"PropertyValueSpecification\",\"valueRequired\":true,\"valueName\":\"search_term_string\"}}],\"inLanguage\":\"vi\"}]}<\/script>\n<!-- \/ Yoast SEO plugin. -->","yoast_head_json":{"title":"Th\u1eafc m\u1eafc v\u00e0 khi\u1ebfu n\u1ea1i - Nh\u00e0 H\u00e0ng 03","robots":{"index":"noindex","follow":"follow","max-snippet":"max-snippet:-1","max-image-preview":"max-image-preview:large","max-video-preview":"max-video-preview:-1"},"og_locale":"vi_VN","og_type":"article","og_title":"Th\u1eafc m\u1eafc v\u00e0 khi\u1ebfu n\u1ea1i - Nh\u00e0 H\u00e0ng 03","og_description":"Th\u00f4ng tin \u0111ang \u0111\u01b0\u1ee3c c\u1eadp nh\u1eadt !","og_url":"https:\/\/webnhahang3.vidoweb.vn\/?page_id=143","og_site_name":"Nh\u00e0 H\u00e0ng 03","article_modified_time":"2019-01-13T08:32:41+00:00","twitter_card":"summary_large_image","schema":{"@context":"https:\/\/schema.org","@graph":[{"@type":"WebPage","@id":"https:\/\/webnhahang3.vidoweb.vn\/?page_id=143","url":"https:\/\/webnhahang3.vidoweb.vn\/?page_id=143","name":"Th\u1eafc m\u1eafc v\u00e0 khi\u1ebfu n\u1ea1i - Nh\u00e0 H\u00e0ng 03","isPartOf":{"@id":"https:\/\/webnhahang3.vidoweb.vn\/#website"},"datePublished":"2017-11-08T04:33:46+00:00","dateModified":"2019-01-13T08:32:41+00:00","breadcrumb":{"@id":"https:\/\/webnhahang3.vidoweb.vn\/?page_id=143#breadcrumb"},"inLanguage":"vi","potentialAction":[{"@type":"ReadAction","target":["https:\/\/webnhahang3.vidoweb.vn\/?page_id=143"]}]},{"@type":"BreadcrumbList","@id":"https:\/\/webnhahang3.vidoweb.vn\/?page_id=143#breadcrumb","itemListElement":[{"@type":"ListItem","position":1,"name":"Trang ch\u1ee7","item":"https:\/\/webnhahang3.vidoweb.vn\/"},{"@type":"ListItem","position":2,"name":"Th\u1eafc m\u1eafc v\u00e0 khi\u1ebfu n\u1ea1i"}]},{"@type":"WebSite","@id":"https:\/\/webnhahang3.vidoweb.vn\/#website","url":"https:\/\/webnhahang3.vidoweb.vn\/","name":"Nh\u00e0 H\u00e0ng 03","description":"","potentialAction":[{"@type":"SearchAction","target":{"@type":"EntryPoint","urlTemplate":"https:\/\/webnhahang3.vidoweb.vn\/?s={search_term_string}"},"query-input":{"@type":"PropertyValueSpecification","valueRequired":true,"valueName":"search_term_string"}}],"inLanguage":"vi"}]}},"_links":{"self":[{"href":"https:\/\/webnhahang3.vidoweb.vn\/index.php?rest_route=\/wp\/v2\/pages\/143","targetHints":{"allow":["GET"]}}],"collection":[{"href":"https:\/\/webnhahang3.vidoweb.vn\/index.php?rest_route=\/wp\/v2\/pages"}],"about":[{"href":"https:\/\/webnhahang3.vidoweb.vn\/index.php?rest_route=\/wp\/v2\/types\/page"}],"author":[{"embeddable":true,"href":"https:\/\/webnhahang3.vidoweb.vn\/index.php?rest_route=\/wp\/v2\/users\/1"}],"replies":[{"embeddable":true,"href":"https:\/\/webnhahang3.vidoweb.vn\/index.php?rest_route=%2Fwp%2Fv2%2Fcomments&post=143"}],"version-history":[{"count":2,"href":"https:\/\/webnhahang3.vidoweb.vn\/index.php?rest_route=\/wp\/v2\/pages\/143\/revisions"}],"predecessor-version":[{"id":467,"href":"https:\/\/webnhahang3.vidoweb.vn\/index.php?rest_route=\/wp\/v2\/pages\/143\/revisions\/467"}],"wp:attachment":[{"href":"https:\/\/webnhahang3.vidoweb.vn\/index.php?rest_route=%2Fwp%2Fv2%2Fmedia&parent=143"}],"curies":[{"name":"wp","href":"https:\/\/api.w.org\/{rel}","templated":true}]}}