{"id":147,"date":"2017-11-08T04:34:15","date_gmt":"2017-11-08T04:34:15","guid":{"rendered":"http:\/\/hoaonline.local\/?page_id=147"},"modified":"2019-01-13T08:31:43","modified_gmt":"2019-01-13T08:31:43","slug":"chi-phi-van-chuyen","status":"publish","type":"page","link":"https:\/\/webnhahang3.vidoweb.vn\/?page_id=147","title":{"rendered":"Chi ph\u00ed v\u1eadn chuy\u1ec3n"},"content":{"rendered":"<p>Th\u00f4ng tin v\u1ec1 chi ph\u00ed v\u1eadn chuy\u1ec3n \u0111ang \u0111\u01b0\u1ee3c c\u1eadp nh\u1eadt !<\/p>\n","protected":false},"excerpt":{"rendered":"<p>Th\u00f4ng tin v\u1ec1 chi ph\u00ed v\u1eadn chuy\u1ec3n \u0111ang \u0111\u01b0\u1ee3c c\u1eadp nh\u1eadt !<\/p>\n","protected":false},"author":1,"featured_media":0,"parent":0,"menu_order":0,"comment_status":"closed","ping_status":"closed","template":"","meta":{"footnotes":""},"class_list":["post-147","page","type-page","status-publish","hentry"],"yoast_head":"<!-- This site is optimized with the Yoast SEO plugin v27.5 - https:\/\/yoast.com\/product\/yoast-seo-wordpress\/ -->\n<title>Chi ph\u00ed v\u1eadn chuy\u1ec3n - Nh\u00e0 H\u00e0ng 03<\/title>\n<meta name=\"robots\" content=\"noindex, follow, max-snippet:-1, max-image-preview:large, max-video-preview:-1\" \/>\n<meta property=\"og:locale\" content=\"vi_VN\" \/>\n<meta property=\"og:type\" content=\"article\" \/>\n<meta property=\"og:title\" content=\"Chi ph\u00ed v\u1eadn chuy\u1ec3n - Nh\u00e0 H\u00e0ng 03\" \/>\n<meta property=\"og:description\" content=\"Th\u00f4ng tin v\u1ec1 chi ph\u00ed v\u1eadn chuy\u1ec3n \u0111ang \u0111\u01b0\u1ee3c c\u1eadp nh\u1eadt !\" \/>\n<meta property=\"og:url\" content=\"https:\/\/webnhahang3.vidoweb.vn\/?page_id=147\" \/>\n<meta property=\"og:site_name\" content=\"Nh\u00e0 H\u00e0ng 03\" \/>\n<meta property=\"article:modified_time\" content=\"2019-01-13T08:31:43+00:00\" \/>\n<meta name=\"twitter:card\" content=\"summary_large_image\" \/>\n<script type=\"application\/ld+json\" class=\"yoast-schema-graph\">{\"@context\":\"https:\\\/\\\/schema.org\",\"@graph\":[{\"@type\":\"WebPage\",\"@id\":\"https:\\\/\\\/webnhahang3.vidoweb.vn\\\/?page_id=147\",\"url\":\"https:\\\/\\\/webnhahang3.vidoweb.vn\\\/?page_id=147\",\"name\":\"Chi ph\u00ed v\u1eadn chuy\u1ec3n - Nh\u00e0 H\u00e0ng 03\",\"isPartOf\":{\"@id\":\"https:\\\/\\\/webnhahang3.vidoweb.vn\\\/#website\"},\"datePublished\":\"2017-11-08T04:34:15+00:00\",\"dateModified\":\"2019-01-13T08:31:43+00:00\",\"breadcrumb\":{\"@id\":\"https:\\\/\\\/webnhahang3.vidoweb.vn\\\/?page_id=147#breadcrumb\"},\"inLanguage\":\"vi\",\"potentialAction\":[{\"@type\":\"ReadAction\",\"target\":[\"https:\\\/\\\/webnhahang3.vidoweb.vn\\\/?page_id=147\"]}]},{\"@type\":\"BreadcrumbList\",\"@id\":\"https:\\\/\\\/webnhahang3.vidoweb.vn\\\/?page_id=147#breadcrumb\",\"itemListElement\":[{\"@type\":\"ListItem\",\"position\":1,\"name\":\"Trang ch\u1ee7\",\"item\":\"https:\\\/\\\/webnhahang3.vidoweb.vn\\\/\"},{\"@type\":\"ListItem\",\"position\":2,\"name\":\"Chi ph\u00ed v\u1eadn chuy\u1ec3n\"}]},{\"@type\":\"WebSite\",\"@id\":\"https:\\\/\\\/webnhahang3.vidoweb.vn\\\/#website\",\"url\":\"https:\\\/\\\/webnhahang3.vidoweb.vn\\\/\",\"name\":\"Nh\u00e0 H\u00e0ng 03\",\"description\":\"\",\"potentialAction\":[{\"@type\":\"SearchAction\",\"target\":{\"@type\":\"EntryPoint\",\"urlTemplate\":\"https:\\\/\\\/webnhahang3.vidoweb.vn\\\/?s={search_term_string}\"},\"query-input\":{\"@type\":\"PropertyValueSpecification\",\"valueRequired\":true,\"valueName\":\"search_term_string\"}}],\"inLanguage\":\"vi\"}]}<\/script>\n<!-- \/ Yoast SEO plugin. -->","yoast_head_json":{"title":"Chi ph\u00ed v\u1eadn chuy\u1ec3n - Nh\u00e0 H\u00e0ng 03","robots":{"index":"noindex","follow":"follow","max-snippet":"max-snippet:-1","max-image-preview":"max-image-preview:large","max-video-preview":"max-video-preview:-1"},"og_locale":"vi_VN","og_type":"article","og_title":"Chi ph\u00ed v\u1eadn chuy\u1ec3n - Nh\u00e0 H\u00e0ng 03","og_description":"Th\u00f4ng tin v\u1ec1 chi ph\u00ed v\u1eadn chuy\u1ec3n \u0111ang \u0111\u01b0\u1ee3c c\u1eadp nh\u1eadt !","og_url":"https:\/\/webnhahang3.vidoweb.vn\/?page_id=147","og_site_name":"Nh\u00e0 H\u00e0ng 03","article_modified_time":"2019-01-13T08:31:43+00:00","twitter_card":"summary_large_image","schema":{"@context":"https:\/\/schema.org","@graph":[{"@type":"WebPage","@id":"https:\/\/webnhahang3.vidoweb.vn\/?page_id=147","url":"https:\/\/webnhahang3.vidoweb.vn\/?page_id=147","name":"Chi ph\u00ed v\u1eadn chuy\u1ec3n - Nh\u00e0 H\u00e0ng 03","isPartOf":{"@id":"https:\/\/webnhahang3.vidoweb.vn\/#website"},"datePublished":"2017-11-08T04:34:15+00:00","dateModified":"2019-01-13T08:31:43+00:00","breadcrumb":{"@id":"https:\/\/webnhahang3.vidoweb.vn\/?page_id=147#breadcrumb"},"inLanguage":"vi","potentialAction":[{"@type":"ReadAction","target":["https:\/\/webnhahang3.vidoweb.vn\/?page_id=147"]}]},{"@type":"BreadcrumbList","@id":"https:\/\/webnhahang3.vidoweb.vn\/?page_id=147#breadcrumb","itemListElement":[{"@type":"ListItem","position":1,"name":"Trang ch\u1ee7","item":"https:\/\/webnhahang3.vidoweb.vn\/"},{"@type":"ListItem","position":2,"name":"Chi ph\u00ed v\u1eadn chuy\u1ec3n"}]},{"@type":"WebSite","@id":"https:\/\/webnhahang3.vidoweb.vn\/#website","url":"https:\/\/webnhahang3.vidoweb.vn\/","name":"Nh\u00e0 H\u00e0ng 03","description":"","potentialAction":[{"@type":"SearchAction","target":{"@type":"EntryPoint","urlTemplate":"https:\/\/webnhahang3.vidoweb.vn\/?s={search_term_string}"},"query-input":{"@type":"PropertyValueSpecification","valueRequired":true,"valueName":"search_term_string"}}],"inLanguage":"vi"}]}},"_links":{"self":[{"href":"https:\/\/webnhahang3.vidoweb.vn\/index.php?rest_route=\/wp\/v2\/pages\/147","targetHints":{"allow":["GET"]}}],"collection":[{"href":"https:\/\/webnhahang3.vidoweb.vn\/index.php?rest_route=\/wp\/v2\/pages"}],"about":[{"href":"https:\/\/webnhahang3.vidoweb.vn\/index.php?rest_route=\/wp\/v2\/types\/page"}],"author":[{"embeddable":true,"href":"https:\/\/webnhahang3.vidoweb.vn\/index.php?rest_route=\/wp\/v2\/users\/1"}],"replies":[{"embeddable":true,"href":"https:\/\/webnhahang3.vidoweb.vn\/index.php?rest_route=%2Fwp%2Fv2%2Fcomments&post=147"}],"version-history":[{"count":2,"href":"https:\/\/webnhahang3.vidoweb.vn\/index.php?rest_route=\/wp\/v2\/pages\/147\/revisions"}],"predecessor-version":[{"id":463,"href":"https:\/\/webnhahang3.vidoweb.vn\/index.php?rest_route=\/wp\/v2\/pages\/147\/revisions\/463"}],"wp:attachment":[{"href":"https:\/\/webnhahang3.vidoweb.vn\/index.php?rest_route=%2Fwp%2Fv2%2Fmedia&parent=147"}],"curies":[{"name":"wp","href":"https:\/\/api.w.org\/{rel}","templated":true}]}}