{"id":44,"date":"2017-10-31T09:06:12","date_gmt":"2017-10-31T09:06:12","guid":{"rendered":"http:\/\/hoaonline.local\/?page_id=44"},"modified":"2017-10-31T09:06:12","modified_gmt":"2017-10-31T09:06:12","slug":"kiem-tra-don-hang","status":"publish","type":"page","link":"https:\/\/webnhahang3.vidoweb.vn\/?page_id=44","title":{"rendered":"Ki\u1ec3m Tra \u0110\u01a1n H\u00e0ng"},"content":{"rendered":"<div class=\"woocommerce\">\n<form action=\"https:\/\/webnhahang3.vidoweb.vn\/?page_id=44\" method=\"post\" class=\"woocommerce-form woocommerce-form-track-order track_order\">\n\n\t\n\t<p>\u0110\u1ec3 theo d\u00f5i \u0111\u01a1n h\u00e0ng, vui l\u00f2ng nh\u1eadp M\u00e3 \u0111\u01a1n h\u00e0ng c\u1ee7a b\u1ea1n v\u00e0o \u00f4 b\u00ean d\u01b0\u1edbi v\u00e0 nh\u1ea5n n\u00fat &quot;Theo d\u00f5i&quot;. M\u00e3 n\u00e0y \u0111\u00e3 \u0111\u01b0\u1ee3c cung c\u1ea5p cho b\u1ea1n tr\u00ean bi\u00ean nh\u1eadn v\u00e0 trong email x\u00e1c nh\u1eadn m\u00e0 b\u1ea1n \u0111\u00e3 nh\u1eadn \u0111\u01b0\u1ee3c.<\/p>\n\n\t<p class=\"form-row form-row-first\"><label for=\"orderid\">ID \u0110\u01a1n h\u00e0ng<\/label> <input class=\"input-text\" type=\"text\" name=\"orderid\" id=\"orderid\" value=\"\" placeholder=\"T\u00ecm th\u1ea5y trong email x\u00e1c nh\u1eadn \u0111\u01a1n h\u00e0ng c\u1ee7a b\u1ea1n.\" \/><\/p>\t<p class=\"form-row form-row-last\"><label for=\"order_email\">Email thanh to\u00e1n<\/label> <input class=\"input-text\" type=\"text\" name=\"order_email\" id=\"order_email\" value=\"\" placeholder=\"Email \u0111\u01b0\u1ee3c s\u1eed d\u1ee5ng trong qu\u00e1 tr\u00ecnh thanh to\u00e1n.\" \/><\/p>\t<div class=\"clear\"><\/div>\n\n\t\n\t<p class=\"form-row\"><button type=\"submit\" class=\"button\" name=\"track\" value=\"Theo d\u00f5i\">Theo d\u00f5i<\/button><\/p>\n\t<input type=\"hidden\" id=\"woocommerce-order-tracking-nonce\" name=\"woocommerce-order-tracking-nonce\" value=\"3aa526b53d\" \/><input type=\"hidden\" name=\"_wp_http_referer\" value=\"\/index.php?rest_route=%2Fwp%2Fv2%2Fpages%2F44\" \/>\n\t\n<\/form>\n<\/div>\n","protected":false},"excerpt":{"rendered":"","protected":false},"author":1,"featured_media":0,"parent":0,"menu_order":0,"comment_status":"closed","ping_status":"closed","template":"","meta":{"footnotes":""},"class_list":["post-44","page","type-page","status-publish","hentry"],"yoast_head":"<!-- This site is optimized with the Yoast SEO plugin v27.5 - https:\/\/yoast.com\/product\/yoast-seo-wordpress\/ -->\n<title>Ki\u1ec3m Tra \u0110\u01a1n H\u00e0ng - Nh\u00e0 H\u00e0ng 03<\/title>\n<meta name=\"robots\" content=\"noindex, follow, max-snippet:-1, max-image-preview:large, max-video-preview:-1\" \/>\n<meta property=\"og:locale\" content=\"vi_VN\" \/>\n<meta property=\"og:type\" content=\"article\" \/>\n<meta property=\"og:title\" content=\"Ki\u1ec3m Tra \u0110\u01a1n H\u00e0ng - Nh\u00e0 H\u00e0ng 03\" \/>\n<meta property=\"og:url\" content=\"https:\/\/webnhahang3.vidoweb.vn\/?page_id=44\" \/>\n<meta property=\"og:site_name\" content=\"Nh\u00e0 H\u00e0ng 03\" \/>\n<meta name=\"twitter:card\" content=\"summary_large_image\" \/>\n<script type=\"application\/ld+json\" class=\"yoast-schema-graph\">{\"@context\":\"https:\\\/\\\/schema.org\",\"@graph\":[{\"@type\":\"WebPage\",\"@id\":\"https:\\\/\\\/webnhahang3.vidoweb.vn\\\/?page_id=44\",\"url\":\"https:\\\/\\\/webnhahang3.vidoweb.vn\\\/?page_id=44\",\"name\":\"Ki\u1ec3m Tra \u0110\u01a1n H\u00e0ng - Nh\u00e0 H\u00e0ng 03\",\"isPartOf\":{\"@id\":\"https:\\\/\\\/webnhahang3.vidoweb.vn\\\/#website\"},\"datePublished\":\"2017-10-31T09:06:12+00:00\",\"breadcrumb\":{\"@id\":\"https:\\\/\\\/webnhahang3.vidoweb.vn\\\/?page_id=44#breadcrumb\"},\"inLanguage\":\"vi\",\"potentialAction\":[{\"@type\":\"ReadAction\",\"target\":[\"https:\\\/\\\/webnhahang3.vidoweb.vn\\\/?page_id=44\"]}]},{\"@type\":\"BreadcrumbList\",\"@id\":\"https:\\\/\\\/webnhahang3.vidoweb.vn\\\/?page_id=44#breadcrumb\",\"itemListElement\":[{\"@type\":\"ListItem\",\"position\":1,\"name\":\"Trang ch\u1ee7\",\"item\":\"https:\\\/\\\/webnhahang3.vidoweb.vn\\\/\"},{\"@type\":\"ListItem\",\"position\":2,\"name\":\"Ki\u1ec3m Tra \u0110\u01a1n H\u00e0ng\"}]},{\"@type\":\"WebSite\",\"@id\":\"https:\\\/\\\/webnhahang3.vidoweb.vn\\\/#website\",\"url\":\"https:\\\/\\\/webnhahang3.vidoweb.vn\\\/\",\"name\":\"Nh\u00e0 H\u00e0ng 03\",\"description\":\"\",\"potentialAction\":[{\"@type\":\"SearchAction\",\"target\":{\"@type\":\"EntryPoint\",\"urlTemplate\":\"https:\\\/\\\/webnhahang3.vidoweb.vn\\\/?s={search_term_string}\"},\"query-input\":{\"@type\":\"PropertyValueSpecification\",\"valueRequired\":true,\"valueName\":\"search_term_string\"}}],\"inLanguage\":\"vi\"}]}<\/script>\n<!-- \/ Yoast SEO plugin. -->","yoast_head_json":{"title":"Ki\u1ec3m Tra \u0110\u01a1n H\u00e0ng - Nh\u00e0 H\u00e0ng 03","robots":{"index":"noindex","follow":"follow","max-snippet":"max-snippet:-1","max-image-preview":"max-image-preview:large","max-video-preview":"max-video-preview:-1"},"og_locale":"vi_VN","og_type":"article","og_title":"Ki\u1ec3m Tra \u0110\u01a1n H\u00e0ng - Nh\u00e0 H\u00e0ng 03","og_url":"https:\/\/webnhahang3.vidoweb.vn\/?page_id=44","og_site_name":"Nh\u00e0 H\u00e0ng 03","twitter_card":"summary_large_image","schema":{"@context":"https:\/\/schema.org","@graph":[{"@type":"WebPage","@id":"https:\/\/webnhahang3.vidoweb.vn\/?page_id=44","url":"https:\/\/webnhahang3.vidoweb.vn\/?page_id=44","name":"Ki\u1ec3m Tra \u0110\u01a1n H\u00e0ng - Nh\u00e0 H\u00e0ng 03","isPartOf":{"@id":"https:\/\/webnhahang3.vidoweb.vn\/#website"},"datePublished":"2017-10-31T09:06:12+00:00","breadcrumb":{"@id":"https:\/\/webnhahang3.vidoweb.vn\/?page_id=44#breadcrumb"},"inLanguage":"vi","potentialAction":[{"@type":"ReadAction","target":["https:\/\/webnhahang3.vidoweb.vn\/?page_id=44"]}]},{"@type":"BreadcrumbList","@id":"https:\/\/webnhahang3.vidoweb.vn\/?page_id=44#breadcrumb","itemListElement":[{"@type":"ListItem","position":1,"name":"Trang ch\u1ee7","item":"https:\/\/webnhahang3.vidoweb.vn\/"},{"@type":"ListItem","position":2,"name":"Ki\u1ec3m Tra \u0110\u01a1n H\u00e0ng"}]},{"@type":"WebSite","@id":"https:\/\/webnhahang3.vidoweb.vn\/#website","url":"https:\/\/webnhahang3.vidoweb.vn\/","name":"Nh\u00e0 H\u00e0ng 03","description":"","potentialAction":[{"@type":"SearchAction","target":{"@type":"EntryPoint","urlTemplate":"https:\/\/webnhahang3.vidoweb.vn\/?s={search_term_string}"},"query-input":{"@type":"PropertyValueSpecification","valueRequired":true,"valueName":"search_term_string"}}],"inLanguage":"vi"}]}},"_links":{"self":[{"href":"https:\/\/webnhahang3.vidoweb.vn\/index.php?rest_route=\/wp\/v2\/pages\/44","targetHints":{"allow":["GET"]}}],"collection":[{"href":"https:\/\/webnhahang3.vidoweb.vn\/index.php?rest_route=\/wp\/v2\/pages"}],"about":[{"href":"https:\/\/webnhahang3.vidoweb.vn\/index.php?rest_route=\/wp\/v2\/types\/page"}],"author":[{"embeddable":true,"href":"https:\/\/webnhahang3.vidoweb.vn\/index.php?rest_route=\/wp\/v2\/users\/1"}],"replies":[{"embeddable":true,"href":"https:\/\/webnhahang3.vidoweb.vn\/index.php?rest_route=%2Fwp%2Fv2%2Fcomments&post=44"}],"version-history":[{"count":1,"href":"https:\/\/webnhahang3.vidoweb.vn\/index.php?rest_route=\/wp\/v2\/pages\/44\/revisions"}],"predecessor-version":[{"id":45,"href":"https:\/\/webnhahang3.vidoweb.vn\/index.php?rest_route=\/wp\/v2\/pages\/44\/revisions\/45"}],"wp:attachment":[{"href":"https:\/\/webnhahang3.vidoweb.vn\/index.php?rest_route=%2Fwp%2Fv2%2Fmedia&parent=44"}],"curies":[{"name":"wp","href":"https:\/\/api.w.org\/{rel}","templated":true}]}}