{"id":7,"date":"2017-10-30T09:53:48","date_gmt":"2017-10-30T09:53:48","guid":{"rendered":"http:\/\/hoaonline.local\/cart\/"},"modified":"2017-11-08T07:04:05","modified_gmt":"2017-11-08T07:04:05","slug":"cart","status":"publish","type":"page","link":"https:\/\/webnhahang3.vidoweb.vn\/?page_id=7","title":{"rendered":"Gi\u1ecf h\u00e0ng"},"content":{"rendered":"<div class=\"woocommerce\"><div class=\"text-center pt pb\">\n\t<div class=\"woocommerce-notices-wrapper\"><\/div><div class=\"wc-empty-cart-message\">\n\t<div class=\"woocommerce-info message-wrapper\">\n     <div class=\"message-container container medium-text-center\">\n  \t   Ch\u01b0a c\u00f3 s\u1ea3n ph\u1ea9m n\u00e0o trong gi\u1ecf h\u00e0ng.     <\/div>\n\t<\/div>\n<\/div>\t\t<p class=\"return-to-shop\">\n\t\t\t<a class=\"button primary wc-backward\" href=\"https:\/\/webnhahang3.vidoweb.vn\/?page_id=6\">\n\t\t\t\tQuay tr\u1edf l\u1ea1i c\u1eeda h\u00e0ng\t\t\t<\/a>\n\t\t<\/p>\n\t<\/div><\/div>\n","protected":false},"excerpt":{"rendered":"","protected":false},"author":1,"featured_media":0,"parent":0,"menu_order":0,"comment_status":"closed","ping_status":"closed","template":"","meta":{"footnotes":""},"class_list":["post-7","page","type-page","status-publish","hentry"],"yoast_head":"<!-- This site is optimized with the Yoast SEO plugin v27.5 - https:\/\/yoast.com\/product\/yoast-seo-wordpress\/ -->\n<title>Gi\u1ecf h\u00e0ng - Nh\u00e0 H\u00e0ng 03<\/title>\n<meta name=\"robots\" content=\"noindex, follow, max-snippet:-1, max-image-preview:large, max-video-preview:-1\" \/>\n<meta property=\"og:locale\" content=\"vi_VN\" \/>\n<meta property=\"og:type\" content=\"article\" \/>\n<meta property=\"og:title\" content=\"Gi\u1ecf h\u00e0ng - Nh\u00e0 H\u00e0ng 03\" \/>\n<meta property=\"og:url\" content=\"https:\/\/webnhahang3.vidoweb.vn\/?page_id=7\" \/>\n<meta property=\"og:site_name\" content=\"Nh\u00e0 H\u00e0ng 03\" \/>\n<meta property=\"article:modified_time\" content=\"2017-11-08T07:04:05+00:00\" \/>\n<meta name=\"twitter:card\" content=\"summary_large_image\" \/>\n<script type=\"application\/ld+json\" class=\"yoast-schema-graph\">{\"@context\":\"https:\\\/\\\/schema.org\",\"@graph\":[{\"@type\":\"WebPage\",\"@id\":\"https:\\\/\\\/webnhahang3.vidoweb.vn\\\/?page_id=7\",\"url\":\"https:\\\/\\\/webnhahang3.vidoweb.vn\\\/?page_id=7\",\"name\":\"Gi\u1ecf h\u00e0ng - Nh\u00e0 H\u00e0ng 03\",\"isPartOf\":{\"@id\":\"https:\\\/\\\/webnhahang3.vidoweb.vn\\\/#website\"},\"datePublished\":\"2017-10-30T09:53:48+00:00\",\"dateModified\":\"2017-11-08T07:04:05+00:00\",\"breadcrumb\":{\"@id\":\"https:\\\/\\\/webnhahang3.vidoweb.vn\\\/?page_id=7#breadcrumb\"},\"inLanguage\":\"vi\",\"potentialAction\":[{\"@type\":\"ReadAction\",\"target\":[\"https:\\\/\\\/webnhahang3.vidoweb.vn\\\/?page_id=7\"]}]},{\"@type\":\"BreadcrumbList\",\"@id\":\"https:\\\/\\\/webnhahang3.vidoweb.vn\\\/?page_id=7#breadcrumb\",\"itemListElement\":[{\"@type\":\"ListItem\",\"position\":1,\"name\":\"Trang ch\u1ee7\",\"item\":\"https:\\\/\\\/webnhahang3.vidoweb.vn\\\/\"},{\"@type\":\"ListItem\",\"position\":2,\"name\":\"Gi\u1ecf h\u00e0ng\"}]},{\"@type\":\"WebSite\",\"@id\":\"https:\\\/\\\/webnhahang3.vidoweb.vn\\\/#website\",\"url\":\"https:\\\/\\\/webnhahang3.vidoweb.vn\\\/\",\"name\":\"Nh\u00e0 H\u00e0ng 03\",\"description\":\"\",\"potentialAction\":[{\"@type\":\"SearchAction\",\"target\":{\"@type\":\"EntryPoint\",\"urlTemplate\":\"https:\\\/\\\/webnhahang3.vidoweb.vn\\\/?s={search_term_string}\"},\"query-input\":{\"@type\":\"PropertyValueSpecification\",\"valueRequired\":true,\"valueName\":\"search_term_string\"}}],\"inLanguage\":\"vi\"}]}<\/script>\n<!-- \/ Yoast SEO plugin. -->","yoast_head_json":{"title":"Gi\u1ecf h\u00e0ng - Nh\u00e0 H\u00e0ng 03","robots":{"index":"noindex","follow":"follow","max-snippet":"max-snippet:-1","max-image-preview":"max-image-preview:large","max-video-preview":"max-video-preview:-1"},"og_locale":"vi_VN","og_type":"article","og_title":"Gi\u1ecf h\u00e0ng - Nh\u00e0 H\u00e0ng 03","og_url":"https:\/\/webnhahang3.vidoweb.vn\/?page_id=7","og_site_name":"Nh\u00e0 H\u00e0ng 03","article_modified_time":"2017-11-08T07:04:05+00:00","twitter_card":"summary_large_image","schema":{"@context":"https:\/\/schema.org","@graph":[{"@type":"WebPage","@id":"https:\/\/webnhahang3.vidoweb.vn\/?page_id=7","url":"https:\/\/webnhahang3.vidoweb.vn\/?page_id=7","name":"Gi\u1ecf h\u00e0ng - Nh\u00e0 H\u00e0ng 03","isPartOf":{"@id":"https:\/\/webnhahang3.vidoweb.vn\/#website"},"datePublished":"2017-10-30T09:53:48+00:00","dateModified":"2017-11-08T07:04:05+00:00","breadcrumb":{"@id":"https:\/\/webnhahang3.vidoweb.vn\/?page_id=7#breadcrumb"},"inLanguage":"vi","potentialAction":[{"@type":"ReadAction","target":["https:\/\/webnhahang3.vidoweb.vn\/?page_id=7"]}]},{"@type":"BreadcrumbList","@id":"https:\/\/webnhahang3.vidoweb.vn\/?page_id=7#breadcrumb","itemListElement":[{"@type":"ListItem","position":1,"name":"Trang ch\u1ee7","item":"https:\/\/webnhahang3.vidoweb.vn\/"},{"@type":"ListItem","position":2,"name":"Gi\u1ecf h\u00e0ng"}]},{"@type":"WebSite","@id":"https:\/\/webnhahang3.vidoweb.vn\/#website","url":"https:\/\/webnhahang3.vidoweb.vn\/","name":"Nh\u00e0 H\u00e0ng 03","description":"","potentialAction":[{"@type":"SearchAction","target":{"@type":"EntryPoint","urlTemplate":"https:\/\/webnhahang3.vidoweb.vn\/?s={search_term_string}"},"query-input":{"@type":"PropertyValueSpecification","valueRequired":true,"valueName":"search_term_string"}}],"inLanguage":"vi"}]}},"_links":{"self":[{"href":"https:\/\/webnhahang3.vidoweb.vn\/index.php?rest_route=\/wp\/v2\/pages\/7","targetHints":{"allow":["GET"]}}],"collection":[{"href":"https:\/\/webnhahang3.vidoweb.vn\/index.php?rest_route=\/wp\/v2\/pages"}],"about":[{"href":"https:\/\/webnhahang3.vidoweb.vn\/index.php?rest_route=\/wp\/v2\/types\/page"}],"author":[{"embeddable":true,"href":"https:\/\/webnhahang3.vidoweb.vn\/index.php?rest_route=\/wp\/v2\/users\/1"}],"replies":[{"embeddable":true,"href":"https:\/\/webnhahang3.vidoweb.vn\/index.php?rest_route=%2Fwp%2Fv2%2Fcomments&post=7"}],"version-history":[{"count":1,"href":"https:\/\/webnhahang3.vidoweb.vn\/index.php?rest_route=\/wp\/v2\/pages\/7\/revisions"}],"predecessor-version":[{"id":181,"href":"https:\/\/webnhahang3.vidoweb.vn\/index.php?rest_route=\/wp\/v2\/pages\/7\/revisions\/181"}],"wp:attachment":[{"href":"https:\/\/webnhahang3.vidoweb.vn\/index.php?rest_route=%2Fwp%2Fv2%2Fmedia&parent=7"}],"curies":[{"name":"wp","href":"https:\/\/api.w.org\/{rel}","templated":true}]}}