{"id":405,"date":"2019-01-12T01:25:00","date_gmt":"2019-01-12T01:25:00","guid":{"rendered":"http:\/\/hoaonline.local\/?post_type=product&#038;p=405"},"modified":"2019-01-12T01:31:17","modified_gmt":"2019-01-12T01:31:17","slug":"xuong-dui-ga","status":"publish","type":"product","link":"https:\/\/webnhahang3.vidoweb.vn\/?product=xuong-dui-ga","title":{"rendered":"X\u01b0\u01a1ng \u0111\u00f9i g\u00e0"},"content":{"rendered":"<p><strong>X\u01b0\u01a1ng \u0111\u00f9i\u00a0g\u00e0<\/strong>\u00a0\u0111\u01b0\u1ee3c ph\u00e2n ph\u1ed1i b\u1edfi h\u1ec7 th\u1ed1ng \u0111\u1ea1i si\u00eau th\u1ecb VinMart. T\u1eeb kh\u00e2u tuy\u1ec3n ch\u1ecdn nguy\u00ean li\u1ec7u t\u1edbi kh\u00e2u s\u01a1 ch\u1ebf v\u00e0 \u0111\u00f3ng g\u00f3i c\u1ee7a s\u1ea3n ph\u1ea9m \u0111\u1ec1u \u0111\u01b0\u1ee3c di\u1ec5n ra theo quy tr\u00ecnh kh\u00e9p k\u00edn, \u0111\u1ea3m b\u1ea3o v\u1ec1 ch\u1ea5t l\u01b0\u1ee3ng, \u0111\u01b0\u1ee3c nhi\u1ec1u ng\u01b0\u1eddi ti\u00eau d\u00f9ng \u01b0a th\u00edch v\u00e0 ch\u1ecdn l\u1ef1a. X\u01b0\u01a1ng g\u00e0 ch\u1ee9a ch\u1ea5t \u0111\u1ea1m, c\u00f3 kh\u00e1 nhi\u1ec1u vitamin A, D, vitamin nh\u00f3m B nh\u01b0 thiamine, riboflavin, niacin; m\u1ed9t \u00edt kho\u00e1ng ch\u1ea5t nh\u01b0 canxi, kali, v\u00e0 s\u1eaft \u1edf d\u1ea1ng d\u1ec5 h\u1ea5p th\u1ee5. T\u1ee7y trong x\u01b0\u01a1ng \u1ed1ng ch\u1ee9a kh\u00e1 nhi\u1ec1u ch\u1ea5t b\u00e9o, gi\u00fap cung c\u1ea5p n\u0103ng l\u01b0\u1ee3ng cho c\u01a1 th\u1ec3.<\/p>\n<p><img decoding=\"async\" class=\"loaded\" src=\"https:\/\/cdn02.static-adayroi.com\/0\/2016\/03\/23\/1458707441595_7871458.jpg\" data-src=\"https:\/\/cdn02.static-adayroi.com\/0\/2016\/03\/23\/1458707441595_7871458.jpg\" \/><\/p>\n<p><em>X\u01b0\u01a1ng \u0111\u00f9i g\u00e0<\/em><\/p>\n<p>X\u01b0\u01a1ng \u0111\u00f9i\u00a0g\u00e0 l\u00e0 th\u1ef1c ph\u1ea9m quen thu\u1ed9c gi\u00e0u dinh d\u01b0\u1ee1ng. X\u01b0\u01a1ng \u0111\u00f9i\u00a0g\u00e0 th\u01b0\u1eddng \u0111\u01b0\u1ee3c d\u00f9ng \u0111\u1ec3 h\u1ea7m, ninh l\u1ea5y n\u01b0\u1edbc d\u00f9ng, sau \u0111\u00f3 n\u1ea5u canh, n\u01b0\u1edbc d\u00f9ng ph\u1edf, b\u00fan&#8230; r\u1ea5t th\u01a1m ngon l\u1ea1i ti\u1ec7n d\u1ee5ng. B\u1ea1n c\u00f3 th\u1ec3 d\u00f9ng x\u01b0\u01a1ng \u0111\u00f9i\u00a0g\u00e0 n\u1ea5u n\u01b0\u1edbc d\u00f9ng, sau \u0111\u00f3 c\u1ea5t t\u1ee7 l\u1ea1nh d\u00f9ng d\u1ea7n, khi n\u00e0o c\u1ea7n th\u00ec mang ra r\u00e3 \u0111\u00f4ng b\u00ecnh th\u01b0\u1eddng. \u0110\u01a1n gi\u1ea3n, ti\u1ec7n l\u1ee3i l\u1ea1i ti\u1ebft ki\u1ec7m th\u1eddi gian m\u00e0 v\u1eabn v\u00f4 c\u00f9ng th\u01a1m ngon.<\/p>\n<hr \/>\n<p>G\u1ee3i \u00fd l\u00e0m n\u01b0\u1edbc d\u00f9ng g\u00e0 ngon ng\u1ecdt<\/p>\n<p><img decoding=\"async\" class=\"loaded\" src=\"https:\/\/cdn02.static-adayroi.com\/0\/2016\/03\/10\/1457577877685_2272250.jpg\" data-src=\"https:\/\/cdn02.static-adayroi.com\/0\/2016\/03\/10\/1457577877685_2272250.jpg\" \/><\/p>\n<ul>\n<li>X\u01b0\u01a1ng g\u00e0. N\u01b0\u1edbc d\u00f9ng \u0111\u01b0\u1ee3c n\u1ea5u t\u1eeb x\u01b0\u01a1ng, ch\u00ednh v\u00ec v\u1eady b\u1ea1n kh\u00f4ng c\u1ea7n t\u1edbi ph\u1ea7n\u00a0th\u1ecbt g\u00e0. N\u1ebfu nh\u00e0 g\u1ea7n si\u00eau th\u1ecb, b\u1ea1n c\u00f3 th\u1ec3 mua v\u1ec1 nh\u1eefng b\u1ed9 x\u01b0\u01a1ng g\u00e0 \u0111\u01b0\u1ee3c l\u1ecdc s\u1eb5n, r\u1ea5t r\u1ebb. C\u00f2n n\u1ebfu kh\u00f4ng b\u1ea1n c\u00f3 th\u1ec3 ti\u1ebft ki\u1ec7m t\u1eeb nh\u1eefng l\u1ea7n gia \u0111\u00ecnh m\u00ecnh \u0103n\u00a0g\u00e0 lu\u1ed9c,\u00a0g\u00e0 n\u01b0\u1edbng\u00a0nguy\u00ean con th\u00ec sau khi lu\u1ed9c \/ n\u01b0\u1edbng g\u00e0 b\u1ea1n l\u00f3c ph\u1ea7n th\u1ecbt ra \u0103n c\u00f2n ph\u1ea7n x\u01b0\u01a1ng \u0111\u1ec3 l\u1ea1i\u00a0n\u1ea5u n\u01b0\u1edbc d\u00f9ng.<\/li>\n<li>N\u01b0\u1edbc l\u1ea1nh. Khi\u00a0n\u1ea5u n\u01b0\u1edbc d\u00f9ng, b\u1ea1n lu\u00f4n \u0111un x\u01b0\u01a1ng g\u00e0 c\u00f9ng n\u01b0\u1edbc l\u1ea1nh ch\u1ee9 kh\u00f4ng ch\u1edd n\u01b0\u1edbc s\u00f4i r\u1ed3i m\u1edbi th\u1ea3 x\u01b0\u01a1ng g\u00e0 v\u00e0o. Nh\u1eefng d\u01b0\u1ee1ng ch\u1ea5t c\u01a1 b\u1ea3n nh\u1ea5t s\u1ebd tan v\u00e0o n\u01b0\u1edbc l\u1ea1nh v\u00e0 kh\u00f4ng b\u1ecb bi\u1ebfn ch\u1ea5t.<\/li>\n<li>Ch\u00fat v\u1ecb chua. M\u00ecnh th\u01b0\u1eddng hay d\u00f9ng 1-2 th\u00eca canh d\u1ea5m t\u00e1o cho v\u00e0o n\u1ed3i \u0111un c\u00f9ng n\u01b0\u1edbc d\u00f9ng g\u00e0. B\u1ea1n c\u00f3 th\u1ec3 d\u00f9ng c\u00e0 chua ho\u1eb7c r\u01b0\u1ee3u vang tr\u1eafng. Axit c\u00f3 t\u00e1c d\u1ee5ng gi\u00fap canxi v\u00e0 c\u00e1c ch\u1ea5t kho\u00e1ng thi\u1ebft y\u1ebfu \u0111\u01b0\u1ee3c gi\u1ea3i ph\u00f3ng kh\u1ecfi x\u01b0\u01a1ng g\u00e0, th\u1ea5m v\u00e0o n\u01b0\u1edbc d\u00f9ng.<\/li>\n<li>N\u1ebfu c\u00f3 rau c\u1ee7 c\u1ea7n \u201cgi\u1ea3i quy\u1ebft\u201d trong\u00a0t\u1ee7 l\u1ea1nh, b\u1ea1n h\u00e3y th\u00eam ch\u00fang v\u00e0o n\u1ed3i n\u01b0\u1edbc d\u00f9ng nh\u00e9! M\u00ecnh th\u01b0\u1eddng c\u1eaft \u0111\u00f4i m\u1ed9t c\u1ee7\u00a0h\u00e0nh t\u00e2y\u00a0v\u00e0 th\u1ea3 v\u00e0o n\u1ed3i c\u00f9ng x\u01b0\u01a1ng g\u00e0; ngo\u00e0i ra th\u1ec9nh tho\u1ea3ng m\u00ecnh c\u0169ng th\u00eam c\u1ea3 c\u00e0 r\u1ed1t v\u00e0 c\u1ea7n t\u00e2y n\u1eefa, ch\u00fang l\u00e0m n\u01b0\u1edbc d\u00f9ng ng\u1ecdt v\u00e0 th\u01a1m h\u01a1n.<\/li>\n<li>Gia v\u1ecb n\u00eam. Mu\u1ed1i l\u00e0 gia v\u1ecb n\u00eam kh\u00f4ng th\u1ec3 thi\u1ebfu trong m\u1ecdi m\u00f3n \u0103n, tuy nhi\u00ean b\u1ea1n \u0111\u1eebng n\u00ean th\u00eam n\u00f3 v\u00e0o n\u01b0\u1edbc d\u00f9ng khi \u0111un x\u01b0\u01a1ng g\u00e0 nh\u00e9, ch\u1ec9 n\u00ean th\u00eam mu\u1ed1i v\u00e0o c\u00e1c m\u00f3n \u0103n khi b\u1ea1n s\u1eed d\u1ee5ng n\u01b0\u1edbc d\u00f9ng g\u00e0 th\u00f4i.<\/li>\n<li>\u0110\u1ea7u ti\u00ean, b\u1ea1n cho x\u01b0\u01a1ng g\u00e0 v\u00e0 rau c\u1ee7 (n\u1ebfu c\u00f3) v\u00e0o n\u1ed3i r\u1ed3i \u0111\u1ed5 n\u01b0\u1edbc l\u1ea1nh ng\u1eadp x\u01b0\u01a1ng kho\u1ea3ng 2cm, \u0111un v\u1edbi l\u1eeda th\u1eadt nh\u1ecf v\u00e0 \u0111\u1ec3 n\u01b0\u1edbc n\u00f3ng d\u1ea7n l\u00ean. Qu\u00e1 tr\u00ecnh n\u00e0y c\u00f3 th\u1ec3 m\u1ea5t kho\u1ea3ng 1 gi\u1edd. N\u1ebfu c\u00f3 v\u00e1ng m\u1ee1 b\u1ea1n c\u00f3 th\u1ec3 h\u1edbt b\u1ecf.<\/li>\n<li>M\u1ed7i l\u1ea7n \u0111un m\u00ecnh th\u01b0\u1eddng \u0111un nh\u1ecf l\u1eeda nh\u01b0 v\u1eady kho\u1ea3ng 4 gi\u1edd \u0111\u1ed3ng h\u1ed3 l\u00e0 \u0111\u01b0\u1ee3c n\u01b0\u1edbc d\u00f9ng g\u00e0 ngon nh\u1ea5t, tuy nhi\u00ean b\u1ea1n c\u0169ng c\u00f3 th\u1ec3 gia gi\u1ea3m th\u1eddi gian cho ph\u00f9 h\u1ee3p v\u1edbi \u0111i\u1ec1u ki\u1ec7n c\u1ee7a m\u00ecnh. Ngo\u00e0i ra vi\u1ec7c d\u00f9ng n\u1ed3i \u00e1p su\u1ea5t c\u0169ng l\u00e0 m\u1ed9t ch\u1ecdn l\u1ef1a n\u1ebfu b\u1ea1n th\u1ef1c s\u1ef1 b\u1eadn r\u1ed9n.<\/li>\n<li>Khi \u0111\u00e3 \u0111\u1ee7 th\u1eddi gian \u0111un, b\u1ea1n ch\u1ec9 vi\u1ec7c l\u1ecdc l\u1ea5y n\u01b0\u1edbc d\u00f9ng v\u00e0o trong l\u1ecd \/ h\u1ed9p, ch\u1edd ngu\u1ed9i r\u1ed3i c\u1ea5t trong ng\u0103n m\u00e1t t\u1ee7 l\u1ea1nh. Khi n\u01b0\u1edbc d\u00f9ng \u0111\u00e3 \u0111\u01b0\u1ee3c l\u00e0m l\u1ea1nh, s\u1ebd c\u00f3 m\u1ed9t l\u1edbp m\u1ee1 \u0111\u00f4ng l\u1ea1i \u1edf ph\u00eda tr\u00ean, b\u1ea1n c\u00f3 th\u1ec3 d\u1ec5 d\u00e0ng lo\u1ea1i b\u1ecf l\u1edbp m\u1ee1 n\u00e0y. N\u01b0\u1edbc d\u00f9ng g\u00e0 khi l\u1ea1nh s\u1ebd tr\u1edf n\u00ean \u0111\u1eb7c qu\u00e1nh v\u00e0 c\u00f3 m\u1ed9t \u0111\u1ed9 d\u1ebbo nh\u1ea5t \u0111\u1ecbnh gi\u1ed1ng nh\u01b0 th\u1ea1ch v\u1eady \u2013 \u0111\u00f3 l\u00e0 khi b\u1ea1n bi\u1ebft b\u1ea1n \u0111\u00e3 c\u00f3 th\u1ee9 n\u01b0\u1edbc d\u00f9ng g\u00e0 tuy\u1ec7t ngon b\u1edfi c\u00e1c ch\u1ea5t dinh d\u01b0\u1ee1ng t\u1eeb x\u01b0\u01a1ng g\u00e0 \u0111\u00e3 ti\u1ebft ra h\u1ebft trong n\u01b0\u1edbc d\u00f9ng r\u1ed3i.<\/li>\n<li>N\u01b0\u1edbc d\u00f9ng g\u00e0 c\u00f3 th\u1ec3 \u0111\u01b0\u1ee3c tr\u1eef trong ng\u0103n m\u00e1t t\u1ee7 l\u1ea1nh kho\u1ea3ng 4 ng\u00e0y. N\u1ebfu l\u00e0m nhi\u1ec1u b\u1ea1n n\u00ean chia nh\u1ecf v\u00e0 c\u1ea5t v\u00e0o ng\u0103n \u0111\u00e1 t\u1ee7 l\u1ea1nh \u0111\u1ec3 d\u00f9ng trong v\u00e0i th\u00e1ng.<\/li>\n<\/ul>\n<div class=\"viewmore__pdpdetail colapse\"><\/div>\n","protected":false},"excerpt":{"rendered":"<p>X\u01b0\u01a1ng \u0111\u00f9i\u00a0g\u00e0\u00a0\u0111\u01b0\u1ee3c ph\u00e2n ph\u1ed1i b\u1edfi h\u1ec7 th\u1ed1ng \u0111\u1ea1i si\u00eau th\u1ecb VinMart. T\u1eeb kh\u00e2u tuy\u1ec3n ch\u1ecdn nguy\u00ean li\u1ec7u t\u1edbi kh\u00e2u s\u01a1 ch\u1ebf v\u00e0 \u0111\u00f3ng g\u00f3i c\u1ee7a s\u1ea3n ph\u1ea9m \u0111\u1ec1u \u0111\u01b0\u1ee3c di\u1ec5n ra theo quy tr\u00ecnh kh\u00e9p k\u00edn, \u0111\u1ea3m b\u1ea3o v\u1ec1 ch\u1ea5t l\u01b0\u1ee3ng, \u0111\u01b0\u1ee3c nhi\u1ec1u ng\u01b0\u1eddi ti\u00eau d\u00f9ng \u01b0a th\u00edch v\u00e0 ch\u1ecdn l\u1ef1a. X\u01b0\u01a1ng g\u00e0 ch\u1ee9a ch\u1ea5t [&#8230;]\n","protected":false},"featured_media":407,"comment_status":"open","ping_status":"closed","template":"","meta":[],"product_brand":[],"product_cat":[53],"product_tag":[],"class_list":{"0":"post-405","1":"product","2":"type-product","3":"status-publish","4":"has-post-thumbnail","6":"product_cat-thuc-pham","8":"first","9":"instock","10":"shipping-taxable","11":"purchasable","12":"product-type-simple"},"yoast_head":"<!-- This site is optimized with the Yoast SEO plugin v27.5 - https:\/\/yoast.com\/product\/yoast-seo-wordpress\/ -->\n<title>X\u01b0\u01a1ng \u0111\u00f9i g\u00e0 - Nh\u00e0 H\u00e0ng 03<\/title>\n<meta name=\"robots\" content=\"noindex, follow, max-snippet:-1, max-image-preview:large, max-video-preview:-1\" \/>\n<meta property=\"og:locale\" content=\"vi_VN\" \/>\n<meta property=\"og:type\" content=\"article\" \/>\n<meta property=\"og:title\" content=\"X\u01b0\u01a1ng \u0111\u00f9i g\u00e0 - Nh\u00e0 H\u00e0ng 03\" \/>\n<meta property=\"og:description\" content=\"X\u01b0\u01a1ng \u0111\u00f9i\u00a0g\u00e0\u00a0\u0111\u01b0\u1ee3c ph\u00e2n ph\u1ed1i b\u1edfi h\u1ec7 th\u1ed1ng \u0111\u1ea1i si\u00eau th\u1ecb VinMart. T\u1eeb kh\u00e2u tuy\u1ec3n ch\u1ecdn nguy\u00ean li\u1ec7u t\u1edbi kh\u00e2u s\u01a1 ch\u1ebf v\u00e0 \u0111\u00f3ng g\u00f3i c\u1ee7a s\u1ea3n ph\u1ea9m \u0111\u1ec1u \u0111\u01b0\u1ee3c di\u1ec5n ra theo quy tr\u00ecnh kh\u00e9p k\u00edn, \u0111\u1ea3m b\u1ea3o v\u1ec1 ch\u1ea5t l\u01b0\u1ee3ng, \u0111\u01b0\u1ee3c nhi\u1ec1u ng\u01b0\u1eddi ti\u00eau d\u00f9ng \u01b0a th\u00edch v\u00e0 ch\u1ecdn l\u1ef1a. X\u01b0\u01a1ng g\u00e0 ch\u1ee9a ch\u1ea5t [...]\" \/>\n<meta property=\"og:url\" content=\"https:\/\/webnhahang3.vidoweb.vn\/?product=xuong-dui-ga\" \/>\n<meta property=\"og:site_name\" content=\"Nh\u00e0 H\u00e0ng 03\" \/>\n<meta property=\"article:modified_time\" content=\"2019-01-12T01:31:17+00:00\" \/>\n<meta property=\"og:image\" content=\"https:\/\/webnhahang3.vidoweb.vn\/wp-content\/uploads\/2019\/01\/1458707441595_7871458.jpg\" \/>\n\t<meta property=\"og:image:width\" content=\"675\" \/>\n\t<meta property=\"og:image:height\" content=\"475\" \/>\n\t<meta property=\"og:image:type\" content=\"image\/jpeg\" \/>\n<meta name=\"twitter:card\" content=\"summary_large_image\" \/>\n<meta name=\"twitter:label1\" content=\"\u01af\u1edbc t\u00ednh th\u1eddi gian \u0111\u1ecdc\" \/>\n\t<meta name=\"twitter:data1\" content=\"6 ph\u00fat\" \/>\n<script type=\"application\/ld+json\" class=\"yoast-schema-graph\">{\"@context\":\"https:\\\/\\\/schema.org\",\"@graph\":[{\"@type\":\"WebPage\",\"@id\":\"https:\\\/\\\/webnhahang3.vidoweb.vn\\\/?product=xuong-dui-ga\",\"url\":\"https:\\\/\\\/webnhahang3.vidoweb.vn\\\/?product=xuong-dui-ga\",\"name\":\"X\u01b0\u01a1ng \u0111\u00f9i g\u00e0 - Nh\u00e0 H\u00e0ng 03\",\"isPartOf\":{\"@id\":\"https:\\\/\\\/webnhahang3.vidoweb.vn\\\/#website\"},\"primaryImageOfPage\":{\"@id\":\"https:\\\/\\\/webnhahang3.vidoweb.vn\\\/?product=xuong-dui-ga#primaryimage\"},\"image\":{\"@id\":\"https:\\\/\\\/webnhahang3.vidoweb.vn\\\/?product=xuong-dui-ga#primaryimage\"},\"thumbnailUrl\":\"https:\\\/\\\/webnhahang3.vidoweb.vn\\\/wp-content\\\/uploads\\\/2019\\\/01\\\/1458707441595_7871458.jpg\",\"datePublished\":\"2019-01-12T01:25:00+00:00\",\"dateModified\":\"2019-01-12T01:31:17+00:00\",\"breadcrumb\":{\"@id\":\"https:\\\/\\\/webnhahang3.vidoweb.vn\\\/?product=xuong-dui-ga#breadcrumb\"},\"inLanguage\":\"vi\",\"potentialAction\":[{\"@type\":\"ReadAction\",\"target\":[\"https:\\\/\\\/webnhahang3.vidoweb.vn\\\/?product=xuong-dui-ga\"]}]},{\"@type\":\"ImageObject\",\"inLanguage\":\"vi\",\"@id\":\"https:\\\/\\\/webnhahang3.vidoweb.vn\\\/?product=xuong-dui-ga#primaryimage\",\"url\":\"https:\\\/\\\/webnhahang3.vidoweb.vn\\\/wp-content\\\/uploads\\\/2019\\\/01\\\/1458707441595_7871458.jpg\",\"contentUrl\":\"https:\\\/\\\/webnhahang3.vidoweb.vn\\\/wp-content\\\/uploads\\\/2019\\\/01\\\/1458707441595_7871458.jpg\",\"width\":675,\"height\":475},{\"@type\":\"BreadcrumbList\",\"@id\":\"https:\\\/\\\/webnhahang3.vidoweb.vn\\\/?product=xuong-dui-ga#breadcrumb\",\"itemListElement\":[{\"@type\":\"ListItem\",\"position\":1,\"name\":\"Trang ch\u1ee7\",\"item\":\"https:\\\/\\\/webnhahang3.vidoweb.vn\\\/\"},{\"@type\":\"ListItem\",\"position\":2,\"name\":\"C\u1eeda h\u00e0ng\",\"item\":\"https:\\\/\\\/webnhahang3.vidoweb.vn\\\/?page_id=6\"},{\"@type\":\"ListItem\",\"position\":3,\"name\":\"X\u01b0\u01a1ng \u0111\u00f9i g\u00e0\"}]},{\"@type\":\"WebSite\",\"@id\":\"https:\\\/\\\/webnhahang3.vidoweb.vn\\\/#website\",\"url\":\"https:\\\/\\\/webnhahang3.vidoweb.vn\\\/\",\"name\":\"Nh\u00e0 H\u00e0ng 03\",\"description\":\"\",\"potentialAction\":[{\"@type\":\"SearchAction\",\"target\":{\"@type\":\"EntryPoint\",\"urlTemplate\":\"https:\\\/\\\/webnhahang3.vidoweb.vn\\\/?s={search_term_string}\"},\"query-input\":{\"@type\":\"PropertyValueSpecification\",\"valueRequired\":true,\"valueName\":\"search_term_string\"}}],\"inLanguage\":\"vi\"}]}<\/script>\n<!-- \/ Yoast SEO plugin. -->","yoast_head_json":{"title":"X\u01b0\u01a1ng \u0111\u00f9i g\u00e0 - Nh\u00e0 H\u00e0ng 03","robots":{"index":"noindex","follow":"follow","max-snippet":"max-snippet:-1","max-image-preview":"max-image-preview:large","max-video-preview":"max-video-preview:-1"},"og_locale":"vi_VN","og_type":"article","og_title":"X\u01b0\u01a1ng \u0111\u00f9i g\u00e0 - Nh\u00e0 H\u00e0ng 03","og_description":"X\u01b0\u01a1ng \u0111\u00f9i\u00a0g\u00e0\u00a0\u0111\u01b0\u1ee3c ph\u00e2n ph\u1ed1i b\u1edfi h\u1ec7 th\u1ed1ng \u0111\u1ea1i si\u00eau th\u1ecb VinMart. T\u1eeb kh\u00e2u tuy\u1ec3n ch\u1ecdn nguy\u00ean li\u1ec7u t\u1edbi kh\u00e2u s\u01a1 ch\u1ebf v\u00e0 \u0111\u00f3ng g\u00f3i c\u1ee7a s\u1ea3n ph\u1ea9m \u0111\u1ec1u \u0111\u01b0\u1ee3c di\u1ec5n ra theo quy tr\u00ecnh kh\u00e9p k\u00edn, \u0111\u1ea3m b\u1ea3o v\u1ec1 ch\u1ea5t l\u01b0\u1ee3ng, \u0111\u01b0\u1ee3c nhi\u1ec1u ng\u01b0\u1eddi ti\u00eau d\u00f9ng \u01b0a th\u00edch v\u00e0 ch\u1ecdn l\u1ef1a. X\u01b0\u01a1ng g\u00e0 ch\u1ee9a ch\u1ea5t [...]","og_url":"https:\/\/webnhahang3.vidoweb.vn\/?product=xuong-dui-ga","og_site_name":"Nh\u00e0 H\u00e0ng 03","article_modified_time":"2019-01-12T01:31:17+00:00","og_image":[{"width":675,"height":475,"url":"https:\/\/webnhahang3.vidoweb.vn\/wp-content\/uploads\/2019\/01\/1458707441595_7871458.jpg","type":"image\/jpeg"}],"twitter_card":"summary_large_image","twitter_misc":{"\u01af\u1edbc t\u00ednh th\u1eddi gian \u0111\u1ecdc":"6 ph\u00fat"},"schema":{"@context":"https:\/\/schema.org","@graph":[{"@type":"WebPage","@id":"https:\/\/webnhahang3.vidoweb.vn\/?product=xuong-dui-ga","url":"https:\/\/webnhahang3.vidoweb.vn\/?product=xuong-dui-ga","name":"X\u01b0\u01a1ng \u0111\u00f9i g\u00e0 - Nh\u00e0 H\u00e0ng 03","isPartOf":{"@id":"https:\/\/webnhahang3.vidoweb.vn\/#website"},"primaryImageOfPage":{"@id":"https:\/\/webnhahang3.vidoweb.vn\/?product=xuong-dui-ga#primaryimage"},"image":{"@id":"https:\/\/webnhahang3.vidoweb.vn\/?product=xuong-dui-ga#primaryimage"},"thumbnailUrl":"https:\/\/webnhahang3.vidoweb.vn\/wp-content\/uploads\/2019\/01\/1458707441595_7871458.jpg","datePublished":"2019-01-12T01:25:00+00:00","dateModified":"2019-01-12T01:31:17+00:00","breadcrumb":{"@id":"https:\/\/webnhahang3.vidoweb.vn\/?product=xuong-dui-ga#breadcrumb"},"inLanguage":"vi","potentialAction":[{"@type":"ReadAction","target":["https:\/\/webnhahang3.vidoweb.vn\/?product=xuong-dui-ga"]}]},{"@type":"ImageObject","inLanguage":"vi","@id":"https:\/\/webnhahang3.vidoweb.vn\/?product=xuong-dui-ga#primaryimage","url":"https:\/\/webnhahang3.vidoweb.vn\/wp-content\/uploads\/2019\/01\/1458707441595_7871458.jpg","contentUrl":"https:\/\/webnhahang3.vidoweb.vn\/wp-content\/uploads\/2019\/01\/1458707441595_7871458.jpg","width":675,"height":475},{"@type":"BreadcrumbList","@id":"https:\/\/webnhahang3.vidoweb.vn\/?product=xuong-dui-ga#breadcrumb","itemListElement":[{"@type":"ListItem","position":1,"name":"Trang ch\u1ee7","item":"https:\/\/webnhahang3.vidoweb.vn\/"},{"@type":"ListItem","position":2,"name":"C\u1eeda h\u00e0ng","item":"https:\/\/webnhahang3.vidoweb.vn\/?page_id=6"},{"@type":"ListItem","position":3,"name":"X\u01b0\u01a1ng \u0111\u00f9i g\u00e0"}]},{"@type":"WebSite","@id":"https:\/\/webnhahang3.vidoweb.vn\/#website","url":"https:\/\/webnhahang3.vidoweb.vn\/","name":"Nh\u00e0 H\u00e0ng 03","description":"","potentialAction":[{"@type":"SearchAction","target":{"@type":"EntryPoint","urlTemplate":"https:\/\/webnhahang3.vidoweb.vn\/?s={search_term_string}"},"query-input":{"@type":"PropertyValueSpecification","valueRequired":true,"valueName":"search_term_string"}}],"inLanguage":"vi"}]}},"_links":{"self":[{"href":"https:\/\/webnhahang3.vidoweb.vn\/index.php?rest_route=\/wp\/v2\/product\/405","targetHints":{"allow":["GET"]}}],"collection":[{"href":"https:\/\/webnhahang3.vidoweb.vn\/index.php?rest_route=\/wp\/v2\/product"}],"about":[{"href":"https:\/\/webnhahang3.vidoweb.vn\/index.php?rest_route=\/wp\/v2\/types\/product"}],"replies":[{"embeddable":true,"href":"https:\/\/webnhahang3.vidoweb.vn\/index.php?rest_route=%2Fwp%2Fv2%2Fcomments&post=405"}],"wp:featuredmedia":[{"embeddable":true,"href":"https:\/\/webnhahang3.vidoweb.vn\/index.php?rest_route=\/wp\/v2\/media\/407"}],"wp:attachment":[{"href":"https:\/\/webnhahang3.vidoweb.vn\/index.php?rest_route=%2Fwp%2Fv2%2Fmedia&parent=405"}],"wp:term":[{"taxonomy":"product_brand","embeddable":true,"href":"https:\/\/webnhahang3.vidoweb.vn\/index.php?rest_route=%2Fwp%2Fv2%2Fproduct_brand&post=405"},{"taxonomy":"product_cat","embeddable":true,"href":"https:\/\/webnhahang3.vidoweb.vn\/index.php?rest_route=%2Fwp%2Fv2%2Fproduct_cat&post=405"},{"taxonomy":"product_tag","embeddable":true,"href":"https:\/\/webnhahang3.vidoweb.vn\/index.php?rest_route=%2Fwp%2Fv2%2Fproduct_tag&post=405"}],"curies":[{"name":"wp","href":"https:\/\/api.w.org\/{rel}","templated":true}]}}