{"id":410,"date":"2019-01-12T01:29:15","date_gmt":"2019-01-12T01:29:15","guid":{"rendered":"http:\/\/hoaonline.local\/?post_type=product&#038;p=410"},"modified":"2019-01-12T01:29:15","modified_gmt":"2019-01-12T01:29:15","slug":"xuong-ong-heo","status":"publish","type":"product","link":"https:\/\/webnhahang3.vidoweb.vn\/?product=xuong-ong-heo","title":{"rendered":"X\u01b0\u01a1ng \u1ed1ng heo"},"content":{"rendered":"<p><strong>1. Gi\u1edbi thi\u1ec7u chung:<\/strong><\/p>\n<ul>\n<li>X\u01b0\u01a1ng \u1ed1ng l\u00e0 ph\u1ea7n x\u01b0\u01a1ng c\u1ee7a b\u1eafp ch\u00e2n con heo, ph\u1ea7n n\u00e0y ch\u1ee9a nhi\u1ec1u t\u1ee7y s\u1ed1ng. X\u01b0\u01a1ng \u1ed1ng heo th\u01b0\u1eddng d\u00f9ng \u0111\u1ec3 h\u1ea7m, ninh l\u1ea5y n\u01b0\u1edbc d\u00f9ng, ch\u1ebf bi\u1ebfn n\u01b0\u1edbc d\u00f9ng trong c\u00e1c m\u00f3n b\u00fan ph\u1edf h\u1ee7 ti\u1ebfu&#8230;<\/li>\n<li>X\u01b0\u01a1ng \u1ed1ng heo gi\u00e0u protein v\u00e0 vitamin, \u0111\u1eb7c bi\u1ec7t l\u00e0 c\u00e1c lo\u1ea1i vitamin A, vitamin nh\u00f3m B v\u00e0 vitamin D. Th\u1ecbt heo c\u0169ng ch\u1ee9a c\u00e1c kho\u00e1ng ch\u1ea5t c\u1ea7n thi\u1ebft kh\u00e1c nh\u01b0 thiamin, selenium, k\u1ebdm, ph\u1ed1t pho, niacin, s\u1eaft&#8230;<\/li>\n<li>Th\u1ecbt heo Vissan \u0111\u01b0\u1ee3c ch\u0103n nu\u00f4i \u0111\u1ea1t chu\u1ea9n, an to\u00e0n v\u00e0 cho th\u1ecbt s\u1ea1ch, ngon, gi\u00e1 t\u1ed1t cho m\u1ecdi gia \u0111\u00ecnh Vi\u1ec7t.<\/li>\n<\/ul>\n<p><strong>2. C\u00e1c m\u00f3n \u0103n ngon:<\/strong><\/p>\n<ul>\n<li>X\u01b0\u01a1ng \u1ed1ng heo d\u00f9ng l\u00e0m c\u00e1c m\u00f3n h\u1ea7m, m\u00f3n canh ngon cho gia \u0111\u00ecnh.<\/li>\n<li>X\u01b0\u01a1ng \u1ed1ng l\u00e0 nguy\u00ean li\u1ec7u kh\u00f4ng th\u1ec3 thi\u1ebfu khi n\u1ea5u n\u01b0\u1edbc l\u00e8o h\u1ee7 ti\u1ebfu, n\u01b0\u1edbc l\u00e8o \u0103n l\u1ea9u&#8230;<\/li>\n<\/ul>\n<p><strong>3. M\u1eb9o v\u1eb7t:<\/strong><\/p>\n<ul>\n<li>Kh\u00f4ng n\u00ean ninh x\u01b0\u01a1ng \u1ed1ng qu\u00e1 3 l\u1ea7n\/tu\u1ea7n khi ch\u1ebf bi\u1ebfn c\u00e1c m\u00f3n ch\u00e1o \u0103n d\u1eb7m cho em b\u00e9.<\/li>\n<li>V\u00ec th\u00e0nh ph\u1ea7n ch\u1ee7 y\u1ebfu c\u1ee7a x\u01b0\u01a1ng \u1ed1ng l\u00e0 t\u1ee7y s\u1ed1ng ch\u1ee9a r\u1ea5t nhi\u1ec1u ch\u1ea5t b\u00e9o \u0111\u1ed9ng v\u1eadt. Lo\u1ea1i ch\u1ea5t b\u00e9o n\u00e0y kh\u00f3 ti\u00eau, khi b\u00e9 \u0103n s\u1ebd b\u00e1m l\u1ea1i \u1edf th\u00e0nh ru\u1ed9t v\u00e0 d\u1ea1 d\u00e0y, g\u00e2y \u0111\u1ea7y b\u1ee5ng, nhanh no, mau ch\u00e1n \u0103n&#8230; N\u1ebfu \u0103n nhi\u1ec1u c\u00f3 th\u1ec3 d\u1eabn \u0111\u1ebfn r\u1ed1i lo\u1ea1n ti\u00eau h\u00f3a, ph\u00e2n s\u1ed1ng&#8230; cho em b\u00e9.<\/li>\n<\/ul>\n<p><strong>4. H\u01b0\u1edbng d\u1eabn b\u1ea3o qu\u1ea3n:<\/strong><\/p>\n<ul>\n<li>B\u1ea3o qu\u1ea3n \u1edf ng\u0103n \u0111\u00f4ng t\u1ee7 l\u1ea1nh.<\/li>\n<li>Khi mu\u1ed1n s\u1eed d\u1ee5ng, l\u1ea5y th\u1ecbt t\u1eeb ng\u0103n \u0111\u00f4ng \u0111\u1ec3 \u1edf ng\u0103n m\u00e1t 6 &#8211; 8 ti\u1ebfng cho th\u1ecbt m\u1ec1m l\u1ea1i r\u1ed3i ch\u1ebf bi\u1ebfn.<\/li>\n<\/ul>\n","protected":false},"excerpt":{"rendered":"<p>1. Gi\u1edbi thi\u1ec7u chung: X\u01b0\u01a1ng \u1ed1ng l\u00e0 ph\u1ea7n x\u01b0\u01a1ng c\u1ee7a b\u1eafp ch\u00e2n con heo, ph\u1ea7n n\u00e0y ch\u1ee9a nhi\u1ec1u t\u1ee7y s\u1ed1ng. X\u01b0\u01a1ng \u1ed1ng heo th\u01b0\u1eddng d\u00f9ng \u0111\u1ec3 h\u1ea7m, ninh l\u1ea5y n\u01b0\u1edbc d\u00f9ng, ch\u1ebf bi\u1ebfn n\u01b0\u1edbc d\u00f9ng trong c\u00e1c m\u00f3n b\u00fan ph\u1edf h\u1ee7 ti\u1ebfu&#8230; X\u01b0\u01a1ng \u1ed1ng heo gi\u00e0u protein v\u00e0 vitamin, \u0111\u1eb7c bi\u1ec7t l\u00e0 c\u00e1c lo\u1ea1i vitamin [&#8230;]\n","protected":false},"featured_media":411,"comment_status":"open","ping_status":"closed","template":"","meta":[],"product_brand":[],"product_cat":[53],"product_tag":[],"class_list":{"0":"post-410","1":"product","2":"type-product","3":"status-publish","4":"has-post-thumbnail","6":"product_cat-thuc-pham","8":"first","9":"instock","10":"shipping-taxable","11":"purchasable","12":"product-type-simple"},"yoast_head":"<!-- This site is optimized with the Yoast SEO plugin v27.5 - https:\/\/yoast.com\/product\/yoast-seo-wordpress\/ -->\n<title>X\u01b0\u01a1ng \u1ed1ng heo - Nh\u00e0 H\u00e0ng 03<\/title>\n<meta name=\"robots\" content=\"noindex, follow, max-snippet:-1, max-image-preview:large, max-video-preview:-1\" \/>\n<meta property=\"og:locale\" content=\"vi_VN\" \/>\n<meta property=\"og:type\" content=\"article\" \/>\n<meta property=\"og:title\" content=\"X\u01b0\u01a1ng \u1ed1ng heo - Nh\u00e0 H\u00e0ng 03\" \/>\n<meta property=\"og:description\" content=\"1. Gi\u1edbi thi\u1ec7u chung: X\u01b0\u01a1ng \u1ed1ng l\u00e0 ph\u1ea7n x\u01b0\u01a1ng c\u1ee7a b\u1eafp ch\u00e2n con heo, ph\u1ea7n n\u00e0y ch\u1ee9a nhi\u1ec1u t\u1ee7y s\u1ed1ng. X\u01b0\u01a1ng \u1ed1ng heo th\u01b0\u1eddng d\u00f9ng \u0111\u1ec3 h\u1ea7m, ninh l\u1ea5y n\u01b0\u1edbc d\u00f9ng, ch\u1ebf bi\u1ebfn n\u01b0\u1edbc d\u00f9ng trong c\u00e1c m\u00f3n b\u00fan ph\u1edf h\u1ee7 ti\u1ebfu&#8230; X\u01b0\u01a1ng \u1ed1ng heo gi\u00e0u protein v\u00e0 vitamin, \u0111\u1eb7c bi\u1ec7t l\u00e0 c\u00e1c lo\u1ea1i vitamin [...]\" \/>\n<meta property=\"og:url\" content=\"https:\/\/webnhahang3.vidoweb.vn\/?product=xuong-ong-heo\" \/>\n<meta property=\"og:site_name\" content=\"Nh\u00e0 H\u00e0ng 03\" \/>\n<meta property=\"og:image\" content=\"https:\/\/webnhahang3.vidoweb.vn\/wp-content\/uploads\/2019\/01\/388cf002441a9328707d84c8bbbf5eca.jpg\" \/>\n\t<meta property=\"og:image:width\" content=\"800\" \/>\n\t<meta property=\"og:image:height\" content=\"800\" \/>\n\t<meta property=\"og:image:type\" content=\"image\/jpeg\" \/>\n<meta name=\"twitter:card\" content=\"summary_large_image\" \/>\n<meta name=\"twitter:label1\" content=\"\u01af\u1edbc t\u00ednh th\u1eddi gian \u0111\u1ecdc\" \/>\n\t<meta name=\"twitter:data1\" content=\"2 ph\u00fat\" \/>\n<script type=\"application\/ld+json\" class=\"yoast-schema-graph\">{\"@context\":\"https:\\\/\\\/schema.org\",\"@graph\":[{\"@type\":\"WebPage\",\"@id\":\"https:\\\/\\\/webnhahang3.vidoweb.vn\\\/?product=xuong-ong-heo\",\"url\":\"https:\\\/\\\/webnhahang3.vidoweb.vn\\\/?product=xuong-ong-heo\",\"name\":\"X\u01b0\u01a1ng \u1ed1ng heo - Nh\u00e0 H\u00e0ng 03\",\"isPartOf\":{\"@id\":\"https:\\\/\\\/webnhahang3.vidoweb.vn\\\/#website\"},\"primaryImageOfPage\":{\"@id\":\"https:\\\/\\\/webnhahang3.vidoweb.vn\\\/?product=xuong-ong-heo#primaryimage\"},\"image\":{\"@id\":\"https:\\\/\\\/webnhahang3.vidoweb.vn\\\/?product=xuong-ong-heo#primaryimage\"},\"thumbnailUrl\":\"https:\\\/\\\/webnhahang3.vidoweb.vn\\\/wp-content\\\/uploads\\\/2019\\\/01\\\/388cf002441a9328707d84c8bbbf5eca.jpg\",\"datePublished\":\"2019-01-12T01:29:15+00:00\",\"breadcrumb\":{\"@id\":\"https:\\\/\\\/webnhahang3.vidoweb.vn\\\/?product=xuong-ong-heo#breadcrumb\"},\"inLanguage\":\"vi\",\"potentialAction\":[{\"@type\":\"ReadAction\",\"target\":[\"https:\\\/\\\/webnhahang3.vidoweb.vn\\\/?product=xuong-ong-heo\"]}]},{\"@type\":\"ImageObject\",\"inLanguage\":\"vi\",\"@id\":\"https:\\\/\\\/webnhahang3.vidoweb.vn\\\/?product=xuong-ong-heo#primaryimage\",\"url\":\"https:\\\/\\\/webnhahang3.vidoweb.vn\\\/wp-content\\\/uploads\\\/2019\\\/01\\\/388cf002441a9328707d84c8bbbf5eca.jpg\",\"contentUrl\":\"https:\\\/\\\/webnhahang3.vidoweb.vn\\\/wp-content\\\/uploads\\\/2019\\\/01\\\/388cf002441a9328707d84c8bbbf5eca.jpg\",\"width\":800,\"height\":800},{\"@type\":\"BreadcrumbList\",\"@id\":\"https:\\\/\\\/webnhahang3.vidoweb.vn\\\/?product=xuong-ong-heo#breadcrumb\",\"itemListElement\":[{\"@type\":\"ListItem\",\"position\":1,\"name\":\"Trang ch\u1ee7\",\"item\":\"https:\\\/\\\/webnhahang3.vidoweb.vn\\\/\"},{\"@type\":\"ListItem\",\"position\":2,\"name\":\"C\u1eeda h\u00e0ng\",\"item\":\"https:\\\/\\\/webnhahang3.vidoweb.vn\\\/?page_id=6\"},{\"@type\":\"ListItem\",\"position\":3,\"name\":\"X\u01b0\u01a1ng \u1ed1ng heo\"}]},{\"@type\":\"WebSite\",\"@id\":\"https:\\\/\\\/webnhahang3.vidoweb.vn\\\/#website\",\"url\":\"https:\\\/\\\/webnhahang3.vidoweb.vn\\\/\",\"name\":\"Nh\u00e0 H\u00e0ng 03\",\"description\":\"\",\"potentialAction\":[{\"@type\":\"SearchAction\",\"target\":{\"@type\":\"EntryPoint\",\"urlTemplate\":\"https:\\\/\\\/webnhahang3.vidoweb.vn\\\/?s={search_term_string}\"},\"query-input\":{\"@type\":\"PropertyValueSpecification\",\"valueRequired\":true,\"valueName\":\"search_term_string\"}}],\"inLanguage\":\"vi\"}]}<\/script>\n<!-- \/ Yoast SEO plugin. -->","yoast_head_json":{"title":"X\u01b0\u01a1ng \u1ed1ng heo - Nh\u00e0 H\u00e0ng 03","robots":{"index":"noindex","follow":"follow","max-snippet":"max-snippet:-1","max-image-preview":"max-image-preview:large","max-video-preview":"max-video-preview:-1"},"og_locale":"vi_VN","og_type":"article","og_title":"X\u01b0\u01a1ng \u1ed1ng heo - Nh\u00e0 H\u00e0ng 03","og_description":"1. Gi\u1edbi thi\u1ec7u chung: X\u01b0\u01a1ng \u1ed1ng l\u00e0 ph\u1ea7n x\u01b0\u01a1ng c\u1ee7a b\u1eafp ch\u00e2n con heo, ph\u1ea7n n\u00e0y ch\u1ee9a nhi\u1ec1u t\u1ee7y s\u1ed1ng. X\u01b0\u01a1ng \u1ed1ng heo th\u01b0\u1eddng d\u00f9ng \u0111\u1ec3 h\u1ea7m, ninh l\u1ea5y n\u01b0\u1edbc d\u00f9ng, ch\u1ebf bi\u1ebfn n\u01b0\u1edbc d\u00f9ng trong c\u00e1c m\u00f3n b\u00fan ph\u1edf h\u1ee7 ti\u1ebfu&#8230; X\u01b0\u01a1ng \u1ed1ng heo gi\u00e0u protein v\u00e0 vitamin, \u0111\u1eb7c bi\u1ec7t l\u00e0 c\u00e1c lo\u1ea1i vitamin [...]","og_url":"https:\/\/webnhahang3.vidoweb.vn\/?product=xuong-ong-heo","og_site_name":"Nh\u00e0 H\u00e0ng 03","og_image":[{"width":800,"height":800,"url":"https:\/\/webnhahang3.vidoweb.vn\/wp-content\/uploads\/2019\/01\/388cf002441a9328707d84c8bbbf5eca.jpg","type":"image\/jpeg"}],"twitter_card":"summary_large_image","twitter_misc":{"\u01af\u1edbc t\u00ednh th\u1eddi gian \u0111\u1ecdc":"2 ph\u00fat"},"schema":{"@context":"https:\/\/schema.org","@graph":[{"@type":"WebPage","@id":"https:\/\/webnhahang3.vidoweb.vn\/?product=xuong-ong-heo","url":"https:\/\/webnhahang3.vidoweb.vn\/?product=xuong-ong-heo","name":"X\u01b0\u01a1ng \u1ed1ng heo - Nh\u00e0 H\u00e0ng 03","isPartOf":{"@id":"https:\/\/webnhahang3.vidoweb.vn\/#website"},"primaryImageOfPage":{"@id":"https:\/\/webnhahang3.vidoweb.vn\/?product=xuong-ong-heo#primaryimage"},"image":{"@id":"https:\/\/webnhahang3.vidoweb.vn\/?product=xuong-ong-heo#primaryimage"},"thumbnailUrl":"https:\/\/webnhahang3.vidoweb.vn\/wp-content\/uploads\/2019\/01\/388cf002441a9328707d84c8bbbf5eca.jpg","datePublished":"2019-01-12T01:29:15+00:00","breadcrumb":{"@id":"https:\/\/webnhahang3.vidoweb.vn\/?product=xuong-ong-heo#breadcrumb"},"inLanguage":"vi","potentialAction":[{"@type":"ReadAction","target":["https:\/\/webnhahang3.vidoweb.vn\/?product=xuong-ong-heo"]}]},{"@type":"ImageObject","inLanguage":"vi","@id":"https:\/\/webnhahang3.vidoweb.vn\/?product=xuong-ong-heo#primaryimage","url":"https:\/\/webnhahang3.vidoweb.vn\/wp-content\/uploads\/2019\/01\/388cf002441a9328707d84c8bbbf5eca.jpg","contentUrl":"https:\/\/webnhahang3.vidoweb.vn\/wp-content\/uploads\/2019\/01\/388cf002441a9328707d84c8bbbf5eca.jpg","width":800,"height":800},{"@type":"BreadcrumbList","@id":"https:\/\/webnhahang3.vidoweb.vn\/?product=xuong-ong-heo#breadcrumb","itemListElement":[{"@type":"ListItem","position":1,"name":"Trang ch\u1ee7","item":"https:\/\/webnhahang3.vidoweb.vn\/"},{"@type":"ListItem","position":2,"name":"C\u1eeda h\u00e0ng","item":"https:\/\/webnhahang3.vidoweb.vn\/?page_id=6"},{"@type":"ListItem","position":3,"name":"X\u01b0\u01a1ng \u1ed1ng heo"}]},{"@type":"WebSite","@id":"https:\/\/webnhahang3.vidoweb.vn\/#website","url":"https:\/\/webnhahang3.vidoweb.vn\/","name":"Nh\u00e0 H\u00e0ng 03","description":"","potentialAction":[{"@type":"SearchAction","target":{"@type":"EntryPoint","urlTemplate":"https:\/\/webnhahang3.vidoweb.vn\/?s={search_term_string}"},"query-input":{"@type":"PropertyValueSpecification","valueRequired":true,"valueName":"search_term_string"}}],"inLanguage":"vi"}]}},"_links":{"self":[{"href":"https:\/\/webnhahang3.vidoweb.vn\/index.php?rest_route=\/wp\/v2\/product\/410","targetHints":{"allow":["GET"]}}],"collection":[{"href":"https:\/\/webnhahang3.vidoweb.vn\/index.php?rest_route=\/wp\/v2\/product"}],"about":[{"href":"https:\/\/webnhahang3.vidoweb.vn\/index.php?rest_route=\/wp\/v2\/types\/product"}],"replies":[{"embeddable":true,"href":"https:\/\/webnhahang3.vidoweb.vn\/index.php?rest_route=%2Fwp%2Fv2%2Fcomments&post=410"}],"wp:featuredmedia":[{"embeddable":true,"href":"https:\/\/webnhahang3.vidoweb.vn\/index.php?rest_route=\/wp\/v2\/media\/411"}],"wp:attachment":[{"href":"https:\/\/webnhahang3.vidoweb.vn\/index.php?rest_route=%2Fwp%2Fv2%2Fmedia&parent=410"}],"wp:term":[{"taxonomy":"product_brand","embeddable":true,"href":"https:\/\/webnhahang3.vidoweb.vn\/index.php?rest_route=%2Fwp%2Fv2%2Fproduct_brand&post=410"},{"taxonomy":"product_cat","embeddable":true,"href":"https:\/\/webnhahang3.vidoweb.vn\/index.php?rest_route=%2Fwp%2Fv2%2Fproduct_cat&post=410"},{"taxonomy":"product_tag","embeddable":true,"href":"https:\/\/webnhahang3.vidoweb.vn\/index.php?rest_route=%2Fwp%2Fv2%2Fproduct_tag&post=410"}],"curies":[{"name":"wp","href":"https:\/\/api.w.org\/{rel}","templated":true}]}}