{"id":412,"date":"2019-01-12T01:34:08","date_gmt":"2019-01-12T01:34:08","guid":{"rendered":"http:\/\/hoaonline.local\/?post_type=product&#038;p=412"},"modified":"2019-01-12T01:34:08","modified_gmt":"2019-01-12T01:34:08","slug":"xuong-ong-bo","status":"publish","type":"product","link":"https:\/\/webnhahang3.vidoweb.vn\/?product=xuong-ong-bo","title":{"rendered":"X\u01b0\u01a1ng \u1ed1ng b\u00f2"},"content":{"rendered":"<p><span id=\"ContentPlaceHolder1_lblDescription\"><strong>X\u01b0\u01a1ng \u1ed1ng<\/strong>\u00a0l\u00e0 ph\u1ea7n x\u01b0\u01a1ng c\u1ee7a b\u1eafp ch\u00e2n, ph\u1ea7n n\u00e0y ch\u1ee9a nhi\u1ec1u t\u1ee7y s\u1ed1ng. X\u01b0\u01a1ng \u1ed1ng b\u00f2 th\u01b0\u1eddng d\u00f9ng \u0111\u1ec3 h\u1ea7m, ninh l\u1ea5y n\u01b0\u1edbc d\u00f9ng,\u00a0ch\u1ebf bi\u1ebfn n\u01b0\u1edbc d\u00f9ng trong c\u00e1c m\u00f3n b\u00fan ph\u1edf h\u1ee7 ti\u1ebfu\u2026<\/span><\/p>\n<p>&nbsp;<\/p>\n<p><span id=\"ContentPlaceHolder1_lblDescription\">X\u01b0\u01a1ng ch\u1ee9a nhi\u1ec1u canxi, vitamin A v\u00e0 ch\u1ea5t b\u00e9o .\u00a0Th\u00e0nh ph\u1ea7n ch\u1ee7 y\u1ebfu c\u1ee7a x\u01b0\u01a1ng \u1ed1ng\u00a0l\u00e0 t\u1ee7y s\u1ed1ng ch\u1ee9a r\u1ea5t nhi\u1ec1u ch\u1ea5t b\u00e9o \u0111\u1ed9ng v\u1eadt.<\/span><\/p>\n<p>Cam k\u1ebft:<br \/>\n\u2013\u00a0<b>Xu\u1ea5t x\u1ee9 r\u00f5 r\u00e0ng:<\/b>\u00a0S\u1ea3n ph\u1ea9m c\u00f3 ngu\u1ed3n g\u1ed1c r\u00f5 r\u00e0ng, c\u00f3 ch\u1ee9ng t\u1eeb nh\u1eadp kh\u1ea9u v\u00e0 ch\u1ee9ng nh\u1eadn an to\u00e0n th\u1ef1c ph\u1ea9m.<br \/>\n\u2013\u00a0<b>Gi\u00e1 c\u1ea1nh tranh:<\/b>\u00a0Lu\u00f4n c\u1ed1 g\u1eafng mang s\u1ea3n ph\u1ea9m \u0111\u1ebfn tay kh\u00e1ch h\u00e0ng v\u1edbi gi\u00e1 t\u1ed1t nh\u1ea5t so v\u1edbi c\u00e1c s\u1ea3n ph\u1ea9m c\u00f9ng lo\u1ea1i tr\u00ean th\u1ecb tr\u01b0\u1eddng.<br \/>\n\u2013\u00a0<b>Ph\u1ee5c v\u1ee5 m\u1ecdi l\u00fac, m\u1ecdi n\u01a1i:<\/b>\u00a0B\u1ea5t c\u1ee9 khi n\u00e0o c\u1ea7n b\u1ea1n c\u0169ng c\u00f3 th\u1ec3 mua \u0111\u01b0\u1ee3c c\u00e1c s\u1ea3n ph\u1ea9m c\u1ee7a ch\u00fang t\u00f4i th\u00f4ng qua ba k\u00eanh: mua h\u00e0ng tr\u1ef1c ti\u1ebfp; mua h\u00e0ng qua \u0111i\u1ec7n tho\u1ea1i; mua h\u00e0ng tr\u1ef1c tuy\u1ebfn t\u1ea1i website<\/p>\n","protected":false},"excerpt":{"rendered":"<p>X\u01b0\u01a1ng \u1ed1ng\u00a0l\u00e0 ph\u1ea7n x\u01b0\u01a1ng c\u1ee7a b\u1eafp ch\u00e2n, ph\u1ea7n n\u00e0y ch\u1ee9a nhi\u1ec1u t\u1ee7y s\u1ed1ng. X\u01b0\u01a1ng \u1ed1ng b\u00f2 th\u01b0\u1eddng d\u00f9ng \u0111\u1ec3 h\u1ea7m, ninh l\u1ea5y n\u01b0\u1edbc d\u00f9ng,\u00a0ch\u1ebf bi\u1ebfn n\u01b0\u1edbc d\u00f9ng trong c\u00e1c m\u00f3n b\u00fan ph\u1edf h\u1ee7 ti\u1ebfu\u2026 &nbsp; X\u01b0\u01a1ng ch\u1ee9a nhi\u1ec1u canxi, vitamin A v\u00e0 ch\u1ea5t b\u00e9o .\u00a0Th\u00e0nh ph\u1ea7n ch\u1ee7 y\u1ebfu c\u1ee7a x\u01b0\u01a1ng \u1ed1ng\u00a0l\u00e0 t\u1ee7y s\u1ed1ng ch\u1ee9a r\u1ea5t [&#8230;]\n","protected":false},"featured_media":413,"comment_status":"open","ping_status":"closed","template":"","meta":[],"product_brand":[],"product_cat":[53],"product_tag":[],"class_list":{"0":"post-412","1":"product","2":"type-product","3":"status-publish","4":"has-post-thumbnail","6":"product_cat-thuc-pham","8":"first","9":"instock","10":"shipping-taxable","11":"purchasable","12":"product-type-simple"},"yoast_head":"<!-- This site is optimized with the Yoast SEO plugin v27.5 - https:\/\/yoast.com\/product\/yoast-seo-wordpress\/ -->\n<title>X\u01b0\u01a1ng \u1ed1ng b\u00f2 - Nh\u00e0 H\u00e0ng 03<\/title>\n<meta name=\"robots\" content=\"noindex, follow, max-snippet:-1, max-image-preview:large, max-video-preview:-1\" \/>\n<meta property=\"og:locale\" content=\"vi_VN\" \/>\n<meta property=\"og:type\" content=\"article\" \/>\n<meta property=\"og:title\" content=\"X\u01b0\u01a1ng \u1ed1ng b\u00f2 - Nh\u00e0 H\u00e0ng 03\" \/>\n<meta property=\"og:description\" content=\"X\u01b0\u01a1ng \u1ed1ng\u00a0l\u00e0 ph\u1ea7n x\u01b0\u01a1ng c\u1ee7a b\u1eafp ch\u00e2n, ph\u1ea7n n\u00e0y ch\u1ee9a nhi\u1ec1u t\u1ee7y s\u1ed1ng. X\u01b0\u01a1ng \u1ed1ng b\u00f2 th\u01b0\u1eddng d\u00f9ng \u0111\u1ec3 h\u1ea7m, ninh l\u1ea5y n\u01b0\u1edbc d\u00f9ng,\u00a0ch\u1ebf bi\u1ebfn n\u01b0\u1edbc d\u00f9ng trong c\u00e1c m\u00f3n b\u00fan ph\u1edf h\u1ee7 ti\u1ebfu\u2026 &nbsp; X\u01b0\u01a1ng ch\u1ee9a nhi\u1ec1u canxi, vitamin A v\u00e0 ch\u1ea5t b\u00e9o .\u00a0Th\u00e0nh ph\u1ea7n ch\u1ee7 y\u1ebfu c\u1ee7a x\u01b0\u01a1ng \u1ed1ng\u00a0l\u00e0 t\u1ee7y s\u1ed1ng ch\u1ee9a r\u1ea5t [...]\" \/>\n<meta property=\"og:url\" content=\"https:\/\/webnhahang3.vidoweb.vn\/?product=xuong-ong-bo\" \/>\n<meta property=\"og:site_name\" content=\"Nh\u00e0 H\u00e0ng 03\" \/>\n<meta property=\"og:image\" content=\"https:\/\/webnhahang3.vidoweb.vn\/wp-content\/uploads\/2019\/01\/1458008892_xuongongbo.jpg\" \/>\n\t<meta property=\"og:image:width\" content=\"640\" \/>\n\t<meta property=\"og:image:height\" content=\"400\" \/>\n\t<meta property=\"og:image:type\" content=\"image\/jpeg\" \/>\n<meta name=\"twitter:card\" content=\"summary_large_image\" \/>\n<meta name=\"twitter:label1\" content=\"\u01af\u1edbc t\u00ednh th\u1eddi gian \u0111\u1ecdc\" \/>\n\t<meta name=\"twitter:data1\" content=\"1 ph\u00fat\" \/>\n<script type=\"application\/ld+json\" class=\"yoast-schema-graph\">{\"@context\":\"https:\\\/\\\/schema.org\",\"@graph\":[{\"@type\":\"WebPage\",\"@id\":\"https:\\\/\\\/webnhahang3.vidoweb.vn\\\/?product=xuong-ong-bo\",\"url\":\"https:\\\/\\\/webnhahang3.vidoweb.vn\\\/?product=xuong-ong-bo\",\"name\":\"X\u01b0\u01a1ng \u1ed1ng b\u00f2 - Nh\u00e0 H\u00e0ng 03\",\"isPartOf\":{\"@id\":\"https:\\\/\\\/webnhahang3.vidoweb.vn\\\/#website\"},\"primaryImageOfPage\":{\"@id\":\"https:\\\/\\\/webnhahang3.vidoweb.vn\\\/?product=xuong-ong-bo#primaryimage\"},\"image\":{\"@id\":\"https:\\\/\\\/webnhahang3.vidoweb.vn\\\/?product=xuong-ong-bo#primaryimage\"},\"thumbnailUrl\":\"https:\\\/\\\/webnhahang3.vidoweb.vn\\\/wp-content\\\/uploads\\\/2019\\\/01\\\/1458008892_xuongongbo.jpg\",\"datePublished\":\"2019-01-12T01:34:08+00:00\",\"breadcrumb\":{\"@id\":\"https:\\\/\\\/webnhahang3.vidoweb.vn\\\/?product=xuong-ong-bo#breadcrumb\"},\"inLanguage\":\"vi\",\"potentialAction\":[{\"@type\":\"ReadAction\",\"target\":[\"https:\\\/\\\/webnhahang3.vidoweb.vn\\\/?product=xuong-ong-bo\"]}]},{\"@type\":\"ImageObject\",\"inLanguage\":\"vi\",\"@id\":\"https:\\\/\\\/webnhahang3.vidoweb.vn\\\/?product=xuong-ong-bo#primaryimage\",\"url\":\"https:\\\/\\\/webnhahang3.vidoweb.vn\\\/wp-content\\\/uploads\\\/2019\\\/01\\\/1458008892_xuongongbo.jpg\",\"contentUrl\":\"https:\\\/\\\/webnhahang3.vidoweb.vn\\\/wp-content\\\/uploads\\\/2019\\\/01\\\/1458008892_xuongongbo.jpg\",\"width\":640,\"height\":400},{\"@type\":\"BreadcrumbList\",\"@id\":\"https:\\\/\\\/webnhahang3.vidoweb.vn\\\/?product=xuong-ong-bo#breadcrumb\",\"itemListElement\":[{\"@type\":\"ListItem\",\"position\":1,\"name\":\"Trang ch\u1ee7\",\"item\":\"https:\\\/\\\/webnhahang3.vidoweb.vn\\\/\"},{\"@type\":\"ListItem\",\"position\":2,\"name\":\"C\u1eeda h\u00e0ng\",\"item\":\"https:\\\/\\\/webnhahang3.vidoweb.vn\\\/?page_id=6\"},{\"@type\":\"ListItem\",\"position\":3,\"name\":\"X\u01b0\u01a1ng \u1ed1ng b\u00f2\"}]},{\"@type\":\"WebSite\",\"@id\":\"https:\\\/\\\/webnhahang3.vidoweb.vn\\\/#website\",\"url\":\"https:\\\/\\\/webnhahang3.vidoweb.vn\\\/\",\"name\":\"Nh\u00e0 H\u00e0ng 03\",\"description\":\"\",\"potentialAction\":[{\"@type\":\"SearchAction\",\"target\":{\"@type\":\"EntryPoint\",\"urlTemplate\":\"https:\\\/\\\/webnhahang3.vidoweb.vn\\\/?s={search_term_string}\"},\"query-input\":{\"@type\":\"PropertyValueSpecification\",\"valueRequired\":true,\"valueName\":\"search_term_string\"}}],\"inLanguage\":\"vi\"}]}<\/script>\n<!-- \/ Yoast SEO plugin. -->","yoast_head_json":{"title":"X\u01b0\u01a1ng \u1ed1ng b\u00f2 - Nh\u00e0 H\u00e0ng 03","robots":{"index":"noindex","follow":"follow","max-snippet":"max-snippet:-1","max-image-preview":"max-image-preview:large","max-video-preview":"max-video-preview:-1"},"og_locale":"vi_VN","og_type":"article","og_title":"X\u01b0\u01a1ng \u1ed1ng b\u00f2 - Nh\u00e0 H\u00e0ng 03","og_description":"X\u01b0\u01a1ng \u1ed1ng\u00a0l\u00e0 ph\u1ea7n x\u01b0\u01a1ng c\u1ee7a b\u1eafp ch\u00e2n, ph\u1ea7n n\u00e0y ch\u1ee9a nhi\u1ec1u t\u1ee7y s\u1ed1ng. X\u01b0\u01a1ng \u1ed1ng b\u00f2 th\u01b0\u1eddng d\u00f9ng \u0111\u1ec3 h\u1ea7m, ninh l\u1ea5y n\u01b0\u1edbc d\u00f9ng,\u00a0ch\u1ebf bi\u1ebfn n\u01b0\u1edbc d\u00f9ng trong c\u00e1c m\u00f3n b\u00fan ph\u1edf h\u1ee7 ti\u1ebfu\u2026 &nbsp; X\u01b0\u01a1ng ch\u1ee9a nhi\u1ec1u canxi, vitamin A v\u00e0 ch\u1ea5t b\u00e9o .\u00a0Th\u00e0nh ph\u1ea7n ch\u1ee7 y\u1ebfu c\u1ee7a x\u01b0\u01a1ng \u1ed1ng\u00a0l\u00e0 t\u1ee7y s\u1ed1ng ch\u1ee9a r\u1ea5t [...]","og_url":"https:\/\/webnhahang3.vidoweb.vn\/?product=xuong-ong-bo","og_site_name":"Nh\u00e0 H\u00e0ng 03","og_image":[{"width":640,"height":400,"url":"https:\/\/webnhahang3.vidoweb.vn\/wp-content\/uploads\/2019\/01\/1458008892_xuongongbo.jpg","type":"image\/jpeg"}],"twitter_card":"summary_large_image","twitter_misc":{"\u01af\u1edbc t\u00ednh th\u1eddi gian \u0111\u1ecdc":"1 ph\u00fat"},"schema":{"@context":"https:\/\/schema.org","@graph":[{"@type":"WebPage","@id":"https:\/\/webnhahang3.vidoweb.vn\/?product=xuong-ong-bo","url":"https:\/\/webnhahang3.vidoweb.vn\/?product=xuong-ong-bo","name":"X\u01b0\u01a1ng \u1ed1ng b\u00f2 - Nh\u00e0 H\u00e0ng 03","isPartOf":{"@id":"https:\/\/webnhahang3.vidoweb.vn\/#website"},"primaryImageOfPage":{"@id":"https:\/\/webnhahang3.vidoweb.vn\/?product=xuong-ong-bo#primaryimage"},"image":{"@id":"https:\/\/webnhahang3.vidoweb.vn\/?product=xuong-ong-bo#primaryimage"},"thumbnailUrl":"https:\/\/webnhahang3.vidoweb.vn\/wp-content\/uploads\/2019\/01\/1458008892_xuongongbo.jpg","datePublished":"2019-01-12T01:34:08+00:00","breadcrumb":{"@id":"https:\/\/webnhahang3.vidoweb.vn\/?product=xuong-ong-bo#breadcrumb"},"inLanguage":"vi","potentialAction":[{"@type":"ReadAction","target":["https:\/\/webnhahang3.vidoweb.vn\/?product=xuong-ong-bo"]}]},{"@type":"ImageObject","inLanguage":"vi","@id":"https:\/\/webnhahang3.vidoweb.vn\/?product=xuong-ong-bo#primaryimage","url":"https:\/\/webnhahang3.vidoweb.vn\/wp-content\/uploads\/2019\/01\/1458008892_xuongongbo.jpg","contentUrl":"https:\/\/webnhahang3.vidoweb.vn\/wp-content\/uploads\/2019\/01\/1458008892_xuongongbo.jpg","width":640,"height":400},{"@type":"BreadcrumbList","@id":"https:\/\/webnhahang3.vidoweb.vn\/?product=xuong-ong-bo#breadcrumb","itemListElement":[{"@type":"ListItem","position":1,"name":"Trang ch\u1ee7","item":"https:\/\/webnhahang3.vidoweb.vn\/"},{"@type":"ListItem","position":2,"name":"C\u1eeda h\u00e0ng","item":"https:\/\/webnhahang3.vidoweb.vn\/?page_id=6"},{"@type":"ListItem","position":3,"name":"X\u01b0\u01a1ng \u1ed1ng b\u00f2"}]},{"@type":"WebSite","@id":"https:\/\/webnhahang3.vidoweb.vn\/#website","url":"https:\/\/webnhahang3.vidoweb.vn\/","name":"Nh\u00e0 H\u00e0ng 03","description":"","potentialAction":[{"@type":"SearchAction","target":{"@type":"EntryPoint","urlTemplate":"https:\/\/webnhahang3.vidoweb.vn\/?s={search_term_string}"},"query-input":{"@type":"PropertyValueSpecification","valueRequired":true,"valueName":"search_term_string"}}],"inLanguage":"vi"}]}},"_links":{"self":[{"href":"https:\/\/webnhahang3.vidoweb.vn\/index.php?rest_route=\/wp\/v2\/product\/412","targetHints":{"allow":["GET"]}}],"collection":[{"href":"https:\/\/webnhahang3.vidoweb.vn\/index.php?rest_route=\/wp\/v2\/product"}],"about":[{"href":"https:\/\/webnhahang3.vidoweb.vn\/index.php?rest_route=\/wp\/v2\/types\/product"}],"replies":[{"embeddable":true,"href":"https:\/\/webnhahang3.vidoweb.vn\/index.php?rest_route=%2Fwp%2Fv2%2Fcomments&post=412"}],"wp:featuredmedia":[{"embeddable":true,"href":"https:\/\/webnhahang3.vidoweb.vn\/index.php?rest_route=\/wp\/v2\/media\/413"}],"wp:attachment":[{"href":"https:\/\/webnhahang3.vidoweb.vn\/index.php?rest_route=%2Fwp%2Fv2%2Fmedia&parent=412"}],"wp:term":[{"taxonomy":"product_brand","embeddable":true,"href":"https:\/\/webnhahang3.vidoweb.vn\/index.php?rest_route=%2Fwp%2Fv2%2Fproduct_brand&post=412"},{"taxonomy":"product_cat","embeddable":true,"href":"https:\/\/webnhahang3.vidoweb.vn\/index.php?rest_route=%2Fwp%2Fv2%2Fproduct_cat&post=412"},{"taxonomy":"product_tag","embeddable":true,"href":"https:\/\/webnhahang3.vidoweb.vn\/index.php?rest_route=%2Fwp%2Fv2%2Fproduct_tag&post=412"}],"curies":[{"name":"wp","href":"https:\/\/api.w.org\/{rel}","templated":true}]}}